{"id":5024,"date":"2024-06-05T15:30:20","date_gmt":"2024-06-05T15:30:20","guid":{"rendered":"https:\/\/akillifikirler.com\/?post_type=product&#038;p=5024"},"modified":"2024-06-05T21:36:57","modified_gmt":"2024-06-05T21:36:57","slug":"musteri-memnuniyet-anketi","status":"publish","type":"product","link":"https:\/\/akillifikirler.com\/en\/product\/musteri-memnuniyet-anketi\/","title":{"rendered":"M\u00fc\u015fteri Memnuniyet Anketi"},"content":{"rendered":"<p>&#8220;Eczanenizde M\u00fc\u015fteri Memnuniyeti ile Fark Yarat\u0131n!&#8221;<\/p>\n<p>Eczanenizdeki hizmet kalitesini daha iyi bir seviyeye ta\u015f\u0131mak ve m\u00fc\u015fteri memnuniyetini art\u0131rmak i\u00e7in inovatif bir \u00e7\u00f6z\u00fcm sunuyoruz! M\u00fc\u015fteri Memnuniyet Anketi sistemimizle m\u00fc\u015fterilerinizin geri bildirimlerini h\u0131zl\u0131 ve kolay bir \u015fekilde al\u0131n.<br \/>\n \u0130\u00e7erik:<br \/>\n\u2022\tKullan\u0131c\u0131 Dostu Aray\u00fcz: M\u00fc\u015fterileriniz i\u00e7in kolay ve anla\u015f\u0131l\u0131r bir anket deneyimi.<br \/>\n\u2022\tPleksi Stand: Eczanenizde konumland\u0131raca\u011f\u0131n\u0131z banko \u00fcst\u00fc pleksi stand.( 3 adet G\u00f6nderilecektir)<br \/>\n\u2022\t\u00c7oklu Dil Deste\u011fi: M\u00fc\u015fterileriniz anketleri kendi dillerinde doldurabilir.<br \/>\n\u2022\tAnl\u0131k Geri Bildirim: Ger\u00e7ek zamanl\u0131 geri bildirimlerle personel performans\u0131n\u0131 izleyin.<br \/>\n\u2022\tDetayl\u0131 Analiz ve Raporlama: Geri bildirimleri analiz edebilece\u011finiz kontrol paneli..<\/p>\n<p>M\u00fc\u015fteri Memnuniyet Anketi sistemimizle eczanenizde fark yarat\u0131n. Lansmana \u00f6zel sadece 3900 \u20ba<\/p>","protected":false},"excerpt":{"rendered":"<p>&#8220;Eczanenizde M\u00fc\u015fteri Memnuniyeti ile Fark Yarat\u0131n!&#8221; Eczanenizdeki hizmet kalitesini daha iyi bir seviyeye ta\u015f\u0131mak ve m\u00fc\u015fteri memnuniyetini art\u0131rmak i\u00e7in inovatif bir \u00e7\u00f6z\u00fcm sunuyoruz! M\u00fc\u015fteri Memnuniyet Anketi sistemimizle m\u00fc\u015fterilerinizin geri bildirimlerini h\u0131zl\u0131 ve kolay bir \u015fekilde al\u0131n. \u0130\u00e7erik: \u2022 Kullan\u0131c\u0131 Dostu Aray\u00fcz: M\u00fc\u015fterileriniz i\u00e7in kolay ve anla\u015f\u0131l\u0131r bir anket deneyimi. \u2022 [&hellip;]<\/p>","protected":false},"featured_media":5025,"comment_status":"closed","ping_status":"closed","template":"","meta":{"inline_featured_image":false},"product_cat":[68],"product_tag":[],"_links":{"self":[{"href":"https:\/\/akillifikirler.com\/en\/wp-json\/wp\/v2\/product\/5024"}],"collection":[{"href":"https:\/\/akillifikirler.com\/en\/wp-json\/wp\/v2\/product"}],"about":[{"href":"https:\/\/akillifikirler.com\/en\/wp-json\/wp\/v2\/types\/product"}],"replies":[{"embeddable":true,"href":"https:\/\/akillifikirler.com\/en\/wp-json\/wp\/v2\/comments?post=5024"}],"wp:featuredmedia":[{"embeddable":true,"href":"https:\/\/akillifikirler.com\/en\/wp-json\/wp\/v2\/media\/5025"}],"wp:attachment":[{"href":"https:\/\/akillifikirler.com\/en\/wp-json\/wp\/v2\/media?parent=5024"}],"wp:term":[{"taxonomy":"product_cat","embeddable":true,"href":"https:\/\/akillifikirler.com\/en\/wp-json\/wp\/v2\/product_cat?post=5024"},{"taxonomy":"product_tag","embeddable":true,"href":"https:\/\/akillifikirler.com\/en\/wp-json\/wp\/v2\/product_tag?post=5024"}],"curies":[{"name":"wp","href":"https:\/\/api.w.org\/{rel}","templated":true}]}}