{"id":5015,"date":"2024-06-04T08:32:37","date_gmt":"2024-06-04T08:32:37","guid":{"rendered":"https:\/\/akillifikirler.com\/?page_id=5015"},"modified":"2024-06-04T08:32:38","modified_gmt":"2024-06-04T08:32:38","slug":"gizlilik-sozlesmesi","status":"publish","type":"page","link":"https:\/\/akillifikirler.com\/en\/gizlilik-sozlesmesi\/","title":{"rendered":"Gizlilik S\u00f6zle\u015fmesi"},"content":{"rendered":"<p>\u0130\u015fbu Gizlilik Politikas\u0131n\u0131n amac\u0131, tellertag.com adresinde yer alan siteye (\u201cSite\u201d) \u00fcye olarak kaydolan ki\u015filer (\u201cKullan\u0131c\u0131(lar)\u201d) taraf\u0131ndan Site\u2019den faydalan\u0131lmas\u0131 a\u015famas\u0131nda Smart Ideas Yaz\u0131l\u0131m Medya Dan\u0131\u015fmanl\u0131k Ve Ltd \u015eti (\u201c\u015eirket\u201d) ile payla\u015f\u0131lan bilgi ve verilerin kullan\u0131m\u0131na ili\u015fkin ko\u015ful ve \u015fartlar\u0131 tespit etmektir. Gizlilik Politikas\u0131, Kullan\u0131c\u0131 ile akdedilen Kullan\u0131c\u0131 S\u00f6zle\u015fmesi\u2019nin eki ve par\u00e7as\u0131 niteli\u011findedir.<\/p>\n\n\n\n<p><strong>Kullan\u0131c\u0131 taraf\u0131ndan Site \u2019ye y\u00fcklenen \u0130\u00e7erik Kullan\u0131c\u0131n\u0131n m\u00fclkiyetindedir. \u015eirket, bu \u0130\u00e7erik\u2019i Kullan\u0131c\u0131n\u0131n \u00f6nceden onay\u0131n\u0131 almaks\u0131z\u0131n a\u00e7\u0131klamayacak veya satmayacakt\u0131r.<br><\/strong><br>\u015eirket, Site \u00fczerinden kendisine elektronik ortamdan iletilen \u0130\u00e7erikleri Kullan\u0131c\u0131lar ile yapt\u0131\u011f\u0131 Kullan\u0131c\u0131 S\u00f6zle\u015fmesi ile belirlenen ama\u00e7lar ve kapsam d\u0131\u015f\u0131nda \u00fc\u00e7\u00fcnc\u00fc ki\u015filere a\u00e7\u0131klamayacakt\u0131r. Bu kapsamda&nbsp;\u015eirket, \u0130\u00e7erikler\u2019i kesinlikle \u00f6zel ve gizli tutmay\u0131<strong>,<\/strong>&nbsp;bunu bir s\u0131r saklama y\u00fck\u00fcm\u00fc olarak addetmeyi ve gizlili\u011fin sa\u011flanmas\u0131 ve s\u00fcrd\u00fcr\u00fclmesi, gizli bilginin tamam\u0131n\u0131n veya herhangi bir k\u0131sm\u0131n\u0131n kamu alan\u0131na girmesini veya yetkisiz kullan\u0131m\u0131n\u0131 veya \u00fc\u00e7\u00fcnc\u00fc bir ki\u015fiye if\u015fas\u0131n\u0131 \u00f6nlemek i\u00e7in gerekli t\u00fcm tedbirleri almay\u0131 ve gerekli \u00f6zeni g\u00f6stermeyi taahh\u00fct etmektedir.<\/p>\n\n\n\n<p>Kullan\u0131c\u0131n\u0131n \u015eirket\u2019e onay vermesi halinde \u00f6deme i\u015flemleri, fatura kesimi ve i\u015flenmesi, banka entegrasyonu, Kullan\u0131c\u0131n\u0131n eri\u015fimine izin verdi\u011fi \u00fc\u00e7\u00fcnc\u00fc ki\u015fi uygulamalar\u0131 ve do\u011frudan pazarlama gibi ama\u00e7larla Kullan\u0131c\u0131n\u0131n verdi\u011fi onay \u00e7er\u00e7evesinde \u0130\u00e7erikler i\u015flenebilir, saklanabilir ve \u015eirket ile ortaklar\u0131 taraf\u0131ndan Kullan\u0131c\u0131n\u0131n talep etti\u011fi hizmetleri sa\u011flamak \u00fczere \u00fc\u00e7\u00fcnc\u00fc ki\u015filere devredilebilir.<\/p>\n\n\n\n<p>\u015eirket, \u0130\u00e7erikler\u2019i fatura g\u00f6nderilmesi, \u00f6deme bilgilerinin payla\u015f\u0131lmas\u0131 gibi talep edilen hizmetlerin sa\u011flanmas\u0131 amac\u0131yla di\u011fer kullan\u0131c\u0131lara a\u00e7\u0131klayabilecektir. Kullan\u0131c\u0131\u2019n\u0131n di\u011fer kullan\u0131c\u0131ya ait \u0130\u00e7erikler\u2019i kullanmak istemesi halinde ilgili kullan\u0131c\u0131dan onay alacak ve \u0130\u00e7erikler\u2019i al\u0131nan bu onay kapsam\u0131nda kullanacakt\u0131r.<\/p>\n\n\n\n<p>Ki\u015fisel bilgiler Kullan\u0131c\u0131 ile temas kurmak veya Kullan\u0131c\u0131n\u0131n Site \u2019deki tecr\u00fcbesini iyile\u015ftirmek (hizmetlere ili\u015fkin bak\u0131m ve destek, mevcut hizmetlerin geli\u015ftirilmesi, yeni hizmetler olu\u015fturulmas\u0131 ve ki\u015fiye \u00f6zel hizmetler sunulmas\u0131 gibi) amac\u0131yla kullan\u0131labilece\u011fi gibi veri taban\u0131 olu\u015fturma, \u00fcyeliklerin s\u00fcrd\u00fcr\u00fclmesi ve \u015eirket\u2019in hizmetlerinin Kullan\u0131c\u0131\u2019ya sa\u011flanmas\u0131 i\u00e7in gerekli olan di\u011fer faaliyetleri ger\u00e7ekle\u015ftirme amac\u0131yla da i\u015fleyebilecek, saklayabilecek ve \u00fc\u00e7\u00fcnc\u00fc ki\u015filere aktarabilecektir.<\/p>\n\n\n\n<p>\u015eirket, Kullan\u0131c\u0131\u2019n\u0131n Site \u00fczerinde ger\u00e7ekle\u015ftirdi\u011fi kullan\u0131m ve i\u015flem bilgilerini anonim hale getirerek; istatistiki de\u011ferlendirmelerde, performans de\u011ferlendirmelerinde, \u015eirket ve i\u015f ortaklar\u0131n\u0131n pazarlama kampanyalar\u0131nda ,ticari ve ba\u011f\u0131\u015f kampanyalar\u0131nda, y\u0131ll\u0131k rapor ve benzeri raporlarda kullanmak \u00fczere bu ama\u00e7lar\u0131n ger\u00e7ekle\u015ftirilmesi i\u00e7in gereken s\u00fcrede saklayabilir, i\u015fleyebilir ve i\u015f ortaklar\u0131na iletebilir.<\/p>\n\n\n\n<p>Site \u00fczerinden d\u00fczenlenebilecek olan periyodik veya periyodik olmayan anketlere cevap veren ve ki\u015fisel bilgilerinin i\u015flenmesi konusunda r\u0131za g\u00f6steren Kullan\u0131c\u0131lar\u2019dan talep edilen bilgiler, \u015eirket taraf\u0131ndan bu ki\u015filere do\u011frudan pazarlama yapmak, istatistiki analiz yapmak ve veri taban\u0131 olu\u015fturmak amac\u0131yla kullan\u0131labilecektir.<\/p>\n\n\n\n<p>\u015eirket ayr\u0131ca, a\u015fa\u011f\u0131daki ko\u015fullar\u0131n varl\u0131\u011f\u0131 halinde Kullan\u0131c\u0131\u2019ya ait bilgileri \u00fc\u00e7\u00fcnc\u00fc ki\u015filerle payla\u015fabilecektir:<\/p>\n\n\n\n<ul>\n<li>Kullan\u0131c\u0131 S\u00f6zle\u015fmesi kapsam\u0131ndaki y\u00fck\u00fcml\u00fcl\u00fcklerin yerine getirilmesi i\u00e7in ilgili if\u015fan\u0131n zorunlu olmas\u0131,<\/li>\n\n\n\n<li>Yetkili idari ve adli bir kurum taraf\u0131ndan ilgili mevzuat do\u011frultusunda usul\u00fcne g\u00f6re y\u00fcr\u00fct\u00fclen bir ara\u015ft\u0131rma veya soru\u015fturman\u0131n y\u00fcr\u00fct\u00fcm\u00fc amac\u0131yla kullan\u0131c\u0131larla ilgili bilgi talep edilmesi,<\/li>\n\n\n\n<li>Kullan\u0131c\u0131lar\u0131n haklar\u0131 veya g\u00fcvenliklerini korumak i\u00e7in bilgi vermenin gerekli olmas\u0131.<\/li>\n<\/ul>\n\n\n\n<p>Sistemle ilgili teknik sorunlar\u0131n tan\u0131mlanmas\u0131 ve \u00e7\u00f6z\u00fclmesi i\u00e7in, \u015eirket gereken hallerde kullan\u0131c\u0131lar\u0131n IP adresini tespit etmek ve kullanmak durumunda kalabilir. IP adresleri, ayr\u0131ca kullan\u0131c\u0131lar\u0131 genel bir \u015fekilde tan\u0131mlamak ve kapsaml\u0131 demografik bilgi toplamak amac\u0131yla da kullan\u0131labilir.<\/p>\n\n\n\n<p>\u015eirket, yukar\u0131da an\u0131lan ama\u00e7larla ilgili verileri Kullan\u0131c\u0131\u2019n\u0131n ikamet etti\u011fi \u00fclke d\u0131\u015f\u0131nda d\u00fcnyan\u0131n herhangi bir yerinde bulunan sunucular\u0131na (sunucular kendisine, ba\u011fl\u0131 \u015firketlerine veya alt y\u00fcklenicilerine ait olabilir) aktarma hakk\u0131na sahiptir.<\/p>\n\n\n\n<p>Site \u00fczerinden ba\u015fka site ve uygulamalara link verilmesi m\u00fcmk\u00fcnd\u00fcr, \u015eirket\u2019in bu site ve uygulamalar\u0131n gizlilik uygulamalar\u0131 ve i\u00e7eriklerine y\u00f6nelik herhangi bir sorumluluk ta\u015f\u0131mamaktad\u0131r.<\/p>\n\n\n\n<p>\u015eirket, i\u015fbu Gizlilik Politikas\u0131 h\u00fck\u00fcmlerini diledi\u011fi zaman Site\u2019de yay\u0131mlamak suretiyle de\u011fi\u015ftirebilir. \u015eirket\u2019in de\u011fi\u015fiklik yapt\u0131\u011f\u0131 Gizlilik Politikas\u0131 h\u00fck\u00fcmleri Site\u2019de yay\u0131nland\u0131\u011f\u0131 tarihte ge\u00e7erlidir ve y\u00fcr\u00fcl\u00fcl\u00fck kazan\u0131r.<\/p>","protected":false},"excerpt":{"rendered":"<p>\u0130\u015fbu Gizlilik Politikas\u0131n\u0131n amac\u0131, tellertag.com adresinde yer alan siteye (\u201cSite\u201d) \u00fcye olarak kaydolan ki\u015filer (\u201cKullan\u0131c\u0131(lar)\u201d) taraf\u0131ndan Site\u2019den faydalan\u0131lmas\u0131 a\u015famas\u0131nda Smart Ideas Yaz\u0131l\u0131m Medya Dan\u0131\u015fmanl\u0131k Ve Ltd \u015eti (\u201c\u015eirket\u201d) ile payla\u015f\u0131lan bilgi ve verilerin kullan\u0131m\u0131na ili\u015fkin ko\u015ful ve \u015fartlar\u0131 tespit etmektir. Gizlilik Politikas\u0131, Kullan\u0131c\u0131 ile akdedilen Kullan\u0131c\u0131 S\u00f6zle\u015fmesi\u2019nin eki ve par\u00e7as\u0131 [&hellip;]<\/p>","protected":false},"author":1,"featured_media":0,"parent":0,"menu_order":0,"comment_status":"closed","ping_status":"closed","template":"","meta":{"inline_featured_image":false,"footnotes":""},"_links":{"self":[{"href":"https:\/\/akillifikirler.com\/en\/wp-json\/wp\/v2\/pages\/5015"}],"collection":[{"href":"https:\/\/akillifikirler.com\/en\/wp-json\/wp\/v2\/pages"}],"about":[{"href":"https:\/\/akillifikirler.com\/en\/wp-json\/wp\/v2\/types\/page"}],"author":[{"embeddable":true,"href":"https:\/\/akillifikirler.com\/en\/wp-json\/wp\/v2\/users\/1"}],"replies":[{"embeddable":true,"href":"https:\/\/akillifikirler.com\/en\/wp-json\/wp\/v2\/comments?post=5015"}],"version-history":[{"count":1,"href":"https:\/\/akillifikirler.com\/en\/wp-json\/wp\/v2\/pages\/5015\/revisions"}],"predecessor-version":[{"id":5016,"href":"https:\/\/akillifikirler.com\/en\/wp-json\/wp\/v2\/pages\/5015\/revisions\/5016"}],"wp:attachment":[{"href":"https:\/\/akillifikirler.com\/en\/wp-json\/wp\/v2\/media?parent=5015"}],"curies":[{"name":"wp","href":"https:\/\/api.w.org\/{rel}","templated":true}]}}