{"id":5013,"date":"2024-06-04T08:32:00","date_gmt":"2024-06-04T08:32:00","guid":{"rendered":"https:\/\/akillifikirler.com\/?page_id=5013"},"modified":"2024-06-04T08:32:01","modified_gmt":"2024-06-04T08:32:01","slug":"mesafeli-satis-sozlesmesi","status":"publish","type":"page","link":"https:\/\/akillifikirler.com\/en\/mesafeli-satis-sozlesmesi\/","title":{"rendered":"Mesafeli Sat\u0131\u015f S\u00f6zle\u015fmesi"},"content":{"rendered":"<p><strong>Madde 1: Taraflar<\/strong><\/p>\n\n\n\n<p><strong>1.1 Sat\u0131c\u0131<\/strong><\/p>\n\n\n\n<p>\u00dcnvan\u0131: Smart Ideas Yaz\u0131l\u0131m Medya Dan\u0131\u015fmanl\u0131k Ve Ticaret Ltd \u015eti.<\/p>\n\n\n\n<p>Adres: Esentepe, Kasap Sk. Eser \u0130\u015f Merkezi No:20\/25 D:C Blok, 34394 \u015ei\u015fli\/\u0130stanbul<\/p>\n\n\n\n<p>Telefon: +90 (212) 275 5406<\/p>\n\n\n\n<p>Eposta: info@crossist.com<\/p>\n\n\n\n<p><strong>1.2 Al\u0131c\u0131<\/strong><\/p>\n\n\n\n<p>Ad\u0131 \/ Soyad\u0131 \/ \u00dcnvan\u0131: xxxxxx xxxxxx<\/p>\n\n\n\n<p>T.C. Kimlik Numaras\u0131:<\/p>\n\n\n\n<p>Adres: xxxxxxxxxxxxxxxxxxxxxx<\/p>\n\n\n\n<p>Telefon: xxxxxx<\/p>\n\n\n\n<p>Eposta: xxxxx@xxxxx.xxx<\/p>\n\n\n\n<p><strong>1.3 \u00dcr\u00fcn\u00fcn \u00f6zellikleri<\/strong><\/p>\n\n\n\n<p>Adet&nbsp;&nbsp;&nbsp;&nbsp;&nbsp; \u00dcr\u00fcn Ad\u0131&nbsp;&nbsp;&nbsp;&nbsp;&nbsp;&nbsp;&nbsp;&nbsp;&nbsp;&nbsp;&nbsp;&nbsp; Sat\u0131\u015f Bedeli<\/p>\n\n\n\n<p>(KDV dahil toplam)<\/p>\n\n\n\n<p>x&nbsp;&nbsp;&nbsp;&nbsp;&nbsp;&nbsp;&nbsp;&nbsp;&nbsp;&nbsp;&nbsp;&nbsp; xxxx&nbsp;&nbsp;&nbsp;&nbsp;&nbsp; xx,xx TL<\/p>\n\n\n\n<p>x&nbsp;&nbsp;&nbsp;&nbsp;&nbsp;&nbsp;&nbsp;&nbsp;&nbsp;&nbsp;&nbsp;&nbsp; xxxx&nbsp;&nbsp;&nbsp;&nbsp;&nbsp; xx,xx TL<\/p>\n\n\n\n<p><strong>1.4 \u00dcr\u00fcn\u00fcn t\u00fcm vergiler dahil teslim fiyat\u0131<\/strong><\/p>\n\n\n\n<p>\u00dcr\u00fcnlerin Toplam Fiyat\u0131&nbsp;&nbsp;&nbsp;&nbsp;&nbsp;&nbsp;&nbsp;&nbsp;&nbsp;&nbsp;&nbsp;&nbsp;&nbsp;&nbsp;&nbsp; xx,xx TL<\/p>\n\n\n\n<p>\u00dcr\u00fcnlerin Toplam Vergisi (KDV):&nbsp;&nbsp;&nbsp;&nbsp;&nbsp;&nbsp;&nbsp;&nbsp;&nbsp;&nbsp;&nbsp;&nbsp;&nbsp; xx,xx TL<\/p>\n\n\n\n<p>Toplam Kargo \u00dccreti:&nbsp;&nbsp;&nbsp;&nbsp; xx,xx TL<\/p>\n\n\n\n<p>Toplam Teslim Fiyat\u0131:&nbsp;&nbsp;&nbsp;&nbsp; xx,xx TL<\/p>\n\n\n\n<p><strong>Madde 2: Konu<\/strong><\/p>\n\n\n\n<p>\u0130\u015fbu s\u00f6zle\u015fmenin konusu, ALICI`n\u0131n SATICI`ya ait https:\/\/www.crossist.com internet sitesinden elektronik ortamda sipari\u015f verdi\u011fi, s\u00f6zle\u015fmede bahsi ge\u00e7en nitelikleri haiz, s\u00f6zle\u015fmenin madde 1.3 ve 1.4 te i\u00e7eri\u011fi ve sat\u0131\u015f fiyat\u0131 belirtilen \u00fcr\u00fcnlerin sat\u0131\u015f\u0131 ve teslimi ile ilgili olarak 4077 say\u0131l\u0131 T\u00fcketicilerin Korunmas\u0131 Hakk\u0131ndaki Kanun ve Mesafeli S\u00f6zle\u015fmeler Y\u00f6netmeli\u011fi h\u00fck\u00fcmleri gere\u011fince taraflar\u0131n hak ve y\u00fck\u00fcml\u00fcl\u00fcklerinin saptanmas\u0131d\u0131r.<\/p>\n\n\n\n<p>ALICI, sat\u0131c\u0131n\u0131n unvan\u0131, adresi,ileti\u015fim bilgileri, sat\u0131\u015fa konu \u00fcr\u00fcnlerin temel nitelikleri, sat\u0131\u015f fiyat\u0131, \u00f6deme \u015fekli, teslimat ko\u015fullar\u0131 vs., sat\u0131\u015fa konu \u00fcr\u00fcn ile ilgili t\u00fcm \u00f6n bilgiler ve cayma hakk\u0131 konusunda bilgi sahibi oldu\u011funu, bu \u00f6n bilgileri elektronik ortamda teyit etti\u011fini ve sonras\u0131nda \u00fcr\u00fcn\u00fc sipari\u015f verdi\u011fini, i\u015fbu s\u00f6zle\u015fme h\u00fck\u00fcmlerince kabul ve beyan eder.<\/p>\n\n\n\n<p>www.crossist.com &nbsp;sitesinde yer alan \u00f6n bilgilendirme ve fatura i\u015fbu s\u00f6zle\u015fmenin ayr\u0131lmaz par\u00e7alar\u0131d\u0131r. Sipari\u015f ger\u00e7ekle\u015fti\u011fi anda ALICI bu s\u00f6zle\u015fmenin t\u00fcm ko\u015fullar\u0131n\u0131 kabul etmi\u015f say\u0131l\u0131r.<\/p>\n\n\n\n<p><strong>Madde 3: \u00dcr\u00fcn\u00fcn teslimi, s\u00f6zle\u015fmenin ifa yeri ve teslim \u015fekli<\/strong><\/p>\n\n\n\n<p>\u00dcr\u00fcn, ALICI`n\u0131n teslimini talep etmi\u015f oldu\u011fu xxxxxxxxxxxxxxxx adresinde kargo \u015firketi yetkilisi marifetiyle, Xxxxx xxxxxisimli ki\u015fiye teslim edilecektir.<\/p>\n\n\n\n<p><strong>Madde 4: Teslimat masraflar\u0131 ve ifas\u0131<\/strong><\/p>\n\n\n\n<p>Teslimat masraflar\u0131 ALICI\u2019ya aittir. SATICI, web sitesinde, ilan etti\u011fi rakam\u0131n \u00fczerinde al\u0131\u015fveri\u015f yapanlar\u0131n teslimat \u00fccretinin kendisince kar\u015f\u0131lanaca\u011f\u0131n\u0131 beyan etmi\u015fse, teslimat masraf\u0131 SATICI`ya aittir.<\/p>\n\n\n\n<p>Teslim an\u0131nda ALICI\u2019n\u0131n adresinde bulunmamas\u0131 durumunda dahi SATICI, edimini tam ve eksiksiz olarak yerine getirmi\u015f olarak kabul edilecektir. Bu nedenle, ALICI\u2019n\u0131n \u00fcr\u00fcn\u00fc ge\u00e7 teslim almas\u0131ndan kaynaklanan her t\u00fcrl\u00fc zarar ile \u00fcr\u00fcn\u00fcn kargo \u015firketinde beklemi\u015f olmas\u0131 ve\/veya kargonun sat\u0131c\u0131ya iade edilmesinden dolay\u0131 da olu\u015fan giderler de ALICI\u2019ya aittir.<\/p>\n\n\n\n<p>Teslimat, stokun m\u00fcsait olmas\u0131 ve \u00fcr\u00fcn bedelinin SATICI`n\u0131n hesab\u0131na ge\u00e7mesinden sonra en k\u0131sa s\u00fcrede yap\u0131l\u0131r. SATICI, \u00fcr\u00fcn\u00fc sipari\u015finden itibaren 30 (Otuz) g\u00fcn i\u00e7inde teslim eder. SATICI, stok t\u00fckenmesi ve benzeri ticari imk\u00e2ns\u0131zl\u0131k halleri, beklenmeyen haller, m\u00fccbir sebepler veya nakliyeyi engelleyen hava muhalefeti, ula\u015f\u0131m\u0131n kesilmesi gibi ola\u011fan\u00fcst\u00fc durumlar nedeni ile s\u00f6zle\u015fme konusu \u00fcr\u00fcn\u00fc s\u00fcresi i\u00e7inde teslim edemez ise, durumu ALICI`ya bildirmekle y\u00fck\u00fcml\u00fcd\u00fcr. S\u00f6zle\u015fme konusu \u00fcr\u00fcn\u00fcn teslimat\u0131 i\u00e7in i\u015fbu s\u00f6zle\u015fmenin imzal\u0131 bir n\u00fcshas\u0131n\u0131n SATICI`ya ula\u015ft\u0131r\u0131lm\u0131\u015f olmas\u0131 ve bedelinin ALICI\u2019n\u0131n tercih etti\u011fi \u00f6deme \u015fekli ile \u00f6denmi\u015f olmas\u0131 \u015fartt\u0131r. Herhangi bir nedenle \u00fcr\u00fcn bedeli \u00f6denmez veya banka kay\u0131tlar\u0131nda iptal edilir ise, SATICI \u00fcr\u00fcn\u00fcn teslimi y\u00fck\u00fcml\u00fcl\u00fc\u011f\u00fcnden kurtulmu\u015f kabul edilir.<\/p>\n\n\n\n<p><strong>Madde 5: Al\u0131c\u0131n\u0131n beyan ve taahh\u00fctleri<\/strong><\/p>\n\n\n\n<p>ALICI, s\u00f6zle\u015fme konusu \u00fcr\u00fcn\u00fc teslim almadan \u00f6nce muayene edecek ezik, k\u0131r\u0131k, ambalaj\u0131 y\u0131rt\u0131lm\u0131\u015f vb. hasarl\u0131 ve ay\u0131pl\u0131 \u00fcr\u00fcn\u00fc kargo \u015firketinden teslim almayacakt\u0131r.<\/p>\n\n\n\n<p>Teslim al\u0131nan \u00fcr\u00fcn\u00fcn hasars\u0131z ve sa\u011flam oldu\u011fu kabul edilecektir. Teslimden sonra \u00fcr\u00fcn\u00fcn \u00f6zenle korunmas\u0131 borcu, ALICI\u2019ya aittir. Fatura asl\u0131 g\u00f6nderilmezse ALICI\u2019ya KDV ve varsa di\u011fer yasal y\u00fck\u00fcml\u00fcl\u00fckler iade edilemez. Cayma hakk\u0131 nedeni ile iade edilen \u00fcr\u00fcn teslimat bedeli Sat\u0131c\u0131 taraf\u0131ndan kar\u015f\u0131lan\u0131r.<\/p>\n\n\n\n<p>ALICI cayma hakk\u0131n\u0131 kulland\u0131\u011f\u0131na ili\u015fkin bildirimi y\u00f6neltti\u011fi tarihten itibaren 10 (on) g\u00fcn i\u00e7inde mal\u0131 sat\u0131c\u0131 veya sa\u011flay\u0131c\u0131ya ya da yetkilendirmi\u015f oldu\u011fu ki\u015fiye geri g\u00f6ndermek zorundad\u0131r. ALICI cayma s\u00fcresi i\u00e7inde mal\u0131, i\u015fleyi\u015fine, teknik \u00f6zelliklerine ve kullan\u0131m talimatlar\u0131na uygun bir \u015fekilde kullanmad\u0131\u011f\u0131 takdirde meydana gelen de\u011fi\u015fiklik ve bozulmalardan sorumludur. \u00dcr\u00fcn\u00fcn tesliminden sonra ALICI\u2019ya ait kredi kart\u0131n\u0131n ALICI\u2019n\u0131n kusurundan kaynaklanmayan bir \u015fekilde yetkisiz ki\u015filerce haks\u0131z veya hukuka ayk\u0131r\u0131 olarak kullan\u0131lmas\u0131 nedeni ile ilgili banka veya finans kurulu\u015funun \u00fcr\u00fcn bedelini Sat\u0131c\u0131ya \u00f6dememesi halinde, ALICI kendisine teslim edilmi\u015f olmas\u0131 kayd\u0131yla \u00fcr\u00fcn\u00fc 3 (\u00fc\u00e7) g\u00fcn i\u00e7inde Sat\u0131c\u0131ya g\u00f6ndermekle y\u00fck\u00fcml\u00fcd\u00fcr. Bu takdirde teslimat giderleri ALICI\u2019ya aittir. Ayr\u0131ca ALICI, ALICI\u2019n\u0131n g\u00f6sterdi\u011fi adrese ve bu adreste teslim s\u0131ras\u0131nda bulunan ki\u015fiye yap\u0131lan teslimat\u0131n, ALICI\u2019ya yap\u0131lm\u0131\u015f teslimat say\u0131laca\u011f\u0131n\u0131 kabul etmektedir.<\/p>\n\n\n\n<p><strong>Madde 6: Sat\u0131c\u0131n\u0131n beyan ve taahh\u00fctleri<\/strong><\/p>\n\n\n\n<p>Sat\u0131c\u0131, s\u00f6zle\u015fme konusu \u00fcr\u00fcn\u00fc sa\u011flam, eksiksiz, sipari\u015fte belirtilen niteliklere uygun ve varsa garanti belgeleri ve kullan\u0131m k\u0131lavuzlar\u0131 ile teslim edilmesinden sorumludur. S\u00f6zle\u015fme konusu \u00fcr\u00fcn, ALICI\u2019dan ba\u015fka bir ki\u015fi\/kurulu\u015fa teslim edilecek ise, teslim edilecek ki\u015fi\/kurulu\u015fun teslimat\u0131 kabul etmemesinden Sat\u0131c\u0131 sorumlu tutulamaz. Sat\u0131c\u0131, ALICI\u2019n\u0131n hi\u00e7bir hukuki ve cezai sorumluluk \u00fcstlenmeksizin ve hi\u00e7bir gerek\u00e7e g\u00f6stermeksizin \u00fcr\u00fcn\u00fc teslim ald\u0131\u011f\u0131 tarihten itibaren 14 (on d\u00f6rt) g\u00fcn i\u00e7erisinde \u00fcr\u00fcn\u00fc reddederek s\u00f6zle\u015fmeden cayma hakk\u0131n\u0131n var oldu\u011funu ve cayma bildiriminin sat\u0131c\u0131 veya sa\u011flay\u0131c\u0131ya ula\u015fmas\u0131 tarihinden itibaren \u00fcr\u00fcn\u00fc geri almay\u0131 taahh\u00fct etmektedir. Sat\u0131c\u0131, cayma beyan\u0131n\u0131n kendisine ula\u015fmas\u0131ndan sonra 14 (on d\u00f6rt) g\u00fcn i\u00e7inde \u00fcr\u00fcn bedelini, varsa k\u0131ymetli evrak\u0131 iade eder. Sat\u0131c\u0131, hakl\u0131 gerek\u00e7elerle, s\u00f6zle\u015fmedeki ifa s\u00fcresi dolmadan ALICIya e\u015fit kalite ve fiyatta \u00fcr\u00fcn\u00fc tedarik edebilir.<\/p>\n\n\n\n<p>Sat\u0131c\u0131 \u00fcr\u00fcn\u00fcn teslimi ifas\u0131n\u0131n imk\u00e2ns\u0131zla\u015ft\u0131\u011f\u0131n\u0131 d\u00fc\u015f\u00fcn\u00fcyorsa, s\u00f6zle\u015fmenin ifa s\u00fcresi dolmadan ALICIya bildirir. Bu takdirde ALICI sipari\u015fin iptal edilmesini, s\u00f6zle\u015fme konusu \u00fcr\u00fcn\u00fcn varsa emsali ile de\u011fi\u015ftirilmesini ve\/veya teslimat s\u00fcresinin engelleyici durumun ortadan kalkmas\u0131na kadar ertelenmesi haklar\u0131ndan birini kullanabilir. ALICI`n\u0131n sipari\u015fi iptal etmesi halinde \u00f6denen bedel ve varsa belgeler 14 (on d\u00f6rt) g\u00fcn i\u00e7inde iade edilir.<\/p>\n\n\n\n<p>Sat\u0131\u015f\u0131 Garanti Belgesi ile olan veya olmayan \u00fcr\u00fcnlerden, ar\u0131zal\u0131 veya bozuk olan \u00fcr\u00fcnler, garanti \u015fartlar\u0131 i\u00e7inde gerekli onar\u0131m\u0131n yap\u0131lmas\u0131 i\u00e7in Sat\u0131c\u0131ya g\u00f6nderilebilir, bu takdirde teslimat giderleri Sat\u0131c\u0131 taraf\u0131ndan kar\u015f\u0131lanacakt\u0131r.<\/p>\n\n\n\n<p><strong>Madde 7: S\u00f6zle\u015fmeye konu \u00fcr\u00fcn\u00fcn \u00f6zellikleri<\/strong><\/p>\n\n\n\n<p>\u00dcr\u00fcn\u00fcn Cinsi ve t\u00fcr\u00fc, Miktar\u0131, Marka\/Modeli, Rengi ve T\u00fcm Vergiler D\u00e2hil Sat\u0131\u015f Bedeli www.crossist.com &nbsp;adl\u0131 web sitesindeki \u00fcr\u00fcn\u00fcn tan\u0131t\u0131m sayfas\u0131nda yer alan bilgilerde ve i\u015fbu s\u00f6zle\u015fmenin ayr\u0131lmaz par\u00e7as\u0131 say\u0131lan faturada belirtildi\u011fi gibidir. Sat\u0131c\u0131 teknik nedenlerden kaynaklanan fiyat g\u00fcncelleme hatalar\u0131ndan sorumlu de\u011fildir.<\/p>\n\n\n\n<p><strong>Madde 8: Vadeli fiyat<\/strong><\/p>\n\n\n\n<p>\u00dcr\u00fcn\u00fcn sat\u0131\u015f fiyat\u0131na yap\u0131lan vadeye g\u00f6re fiyat\u0131, fatura i\u00e7eri\u011finde mevcuttur.<\/p>\n\n\n\n<p><strong>Madde 9: Faiz<\/strong><\/p>\n\n\n\n<p>Al\u0131c\u0131n\u0131n, kredi kart\u0131 ile ve taksitle al\u0131\u015fveri\u015f yapmas\u0131 durumunda taksit say\u0131s\u0131 12`nin \u00fczerinde olan al\u0131\u015fveri\u015flerde ayl\u0131k %1 vade fark\u0131 uygulanarak sat\u0131\u015f fiyat\u0131 belirlenmektedir. ALICI, \u00e7al\u0131\u015ft\u0131\u011f\u0131 bankaya kar\u015f\u0131 10. madde h\u00fckm\u00fcnce sorumludur.<\/p>\n\n\n\n<p><strong>Madde 10: \u00d6deme plan\u0131<\/strong><\/p>\n\n\n\n<p>Vadeli sat\u0131\u015flar\u0131n sadece Bankalara ait kredi kartlar\u0131 ile yap\u0131lmas\u0131 nedeniyle, ALICI, ilgili faiz oranlar\u0131n\u0131 ve temerr\u00fct faizi ile ilgili bilgileri bankas\u0131ndan ayr\u0131ca teyit edece\u011fini, y\u00fcr\u00fcrl\u00fckte bulunan mevzuat h\u00fck\u00fcmleri gere\u011fince faiz ve temerr\u00fct faizi ile ilgili h\u00fck\u00fcmlerin Banka ve ALICI aras\u0131ndaki kredi kart\u0131 s\u00f6zle\u015fmesi kapsam\u0131nda uygulanaca\u011f\u0131n\u0131 kabul, beyan ve taahh\u00fct eder.<\/p>\n\n\n\n<p>Taksitlendirme i\u015flemlerinde, ALICI ile kart sahibi banka aras\u0131nda imzalam\u0131\u015f bulunan s\u00f6zle\u015fmenin ilgili h\u00fck\u00fcmleri ge\u00e7erlidir. Kredi kart\u0131 \u00f6deme tarihi banka ile ALICI aras\u0131ndaki s\u00f6zle\u015fme h\u00fck\u00fcmlerince belirlenir. ALICI, ayr\u0131ca bankan\u0131n g\u00f6nderdi\u011fi hesap \u00f6zetinden taksit say\u0131s\u0131n\u0131 ve \u00f6demelerini takip edebilir.<\/p>\n\n\n\n<p><strong>Madde 11: Cayma hakk\u0131<\/strong><\/p>\n\n\n\n<p>ALICI, s\u00f6zle\u015fme konusu \u00fcr\u00fcn\u00fcn kendisine veya g\u00f6sterdi\u011fi adresteki ki\u015fi\/kurulu\u015fa tesliminden itibaren 14 (on d\u00f6rt) g\u00fcn i\u00e7inde ya da daha \u00f6nce cayma hakk\u0131n\u0131 kullanabilir. Cayma hakk\u0131n\u0131n kullan\u0131lmas\u0131 i\u00e7in ayn\u0131 s\u00fcre i\u00e7inde Sat\u0131c\u0131ya faks, eposta veya iadeli taahh\u00fctl\u00fc mektup ile bildirimde bulunulmas\u0131 ve \u00fcr\u00fcn\u00fcn 12. maddede say\u0131lan \u00fcr\u00fcnlerden olmamas\u0131 gerekir. Bu hakk\u0131n kullan\u0131lmas\u0131 halinde, 3. ki\u015fiye veya ALICI\u2019ya teslim edilen \u00fcr\u00fcne ili\u015fkin fatura asl\u0131n\u0131n iadesi zorunludur. Cayma hakk\u0131na ili\u015fkin ihbar\u0131n ula\u015fmas\u0131n\u0131 takip eden 14 (on d\u00f6rt) g\u00fcn i\u00e7inde \u00fcr\u00fcn bedeli ALICI\u2019ya iade edilir. Fatura asl\u0131 g\u00f6nderilmezse, ALICI\u2019ya KDV ve varsa di\u011fer yasal y\u00fck\u00fcml\u00fcl\u00fckler iade edilemez. Cayma hakk\u0131 nedeni ile iade edilen \u00fcr\u00fcn\u00fcn, teslimat bedeli Sat\u0131c\u0131 taraf\u0131ndan kar\u015f\u0131lan\u0131r.<\/p>\n\n\n\n<p><strong>Madde 12: Cayma hakk\u0131 kullan\u0131lamayacak \u00fcr\u00fcnler<\/strong><\/p>\n\n\n\n<p>Niteli\u011fi itibariyle iade edilemeyecek \u00fcr\u00fcnler, h\u0131zl\u0131 bozulan ve son kullanma tarihi ge\u00e7en \u00fcr\u00fcnler; tek kullan\u0131ml\u0131k \u00fcr\u00fcnler; kopyalanabilir her t\u00fcrl\u00fc yaz\u0131l\u0131m ve programlar, tesliminden sonra ambalaj, bant, m\u00fch\u00fcr, paket gibi koruyucu unsurlar\u0131 a\u00e7\u0131lm\u0131\u015f olan mallardan iadesi sa\u011fl\u0131k ve hijyen a\u00e7\u0131s\u0131ndan uygun olmayanlard\u0131r. Ayr\u0131ca, her t\u00fcrl\u00fc yaz\u0131l\u0131m ve programlar\u0131n, medya \u00fcr\u00fcnlerinin (DVD, DIVX, VCD, CD, MD, BLUERAY, vb.), bilgisayar ve sarf malzemelerinin (toner, kartu\u015f , \u015ferit, vb.), kozmetik \u00fcr\u00fcnlerinin, kahve kaps\u00fcllerinin cayma hakk\u0131 \u00e7er\u00e7evesinde iade edilebilmesi i\u00e7in ambalaj\u0131n\u0131n hi\u00e7 a\u00e7\u0131lmam\u0131\u015f, bozulmam\u0131\u015f ve kullan\u0131lmam\u0131\u015f olmas\u0131 \u015fartt\u0131r.<\/p>\n\n\n\n<p><strong>Madde 13: Temerr\u00fct hali ve hukuki sonu\u00e7lar\u0131<\/strong><\/p>\n\n\n\n<p>ALICI, kredi kart\u0131 ile yapm\u0131\u015f oldu\u011fu i\u015flemlerinde temerr\u00fcde d\u00fc\u015fmesi halinde kart sahibi bankan\u0131n kendisi ile yapm\u0131\u015f oldu\u011fu kredi kart\u0131 s\u00f6zle\u015fmesi \u00e7er\u00e7evesinde faiz \u00f6deyecek ve bankaya kar\u015f\u0131 sorumlu olacakt\u0131r. Bu durumda ilgili banka hukuki yollara ba\u015fvurabilir; do\u011facak masraflar\u0131 ve vek\u00e2let \u00fccretini ALICI\u2019dan talep edebilir ve her ko\u015fulda ALICI\u2019n\u0131n borcundan dolay\u0131 temerr\u00fcde d\u00fc\u015fmesi halinde, ALICI, borcun gecikmeli ifas\u0131ndan dolay\u0131 Sat\u0131c\u0131\u2019n\u0131n olu\u015fan zarar ve ziyan\u0131n\u0131 \u00f6demeyi kabul eder.<\/p>\n\n\n\n<p><strong>Article 14: Yetkili mahkeme<\/strong><\/p>\n\n\n\n<p>\u0130\u015fbu s\u00f6zle\u015fmeden kaynaklanabilecek ihtilaflarda, Sanayi ve Ticaret Bakanl\u0131\u011f\u0131nca ilan edilen de\u011fere kadar T\u00fcketici Hakem Heyetleri, ALICI\u2019n\u0131n ve Sat\u0131c\u0131\u2019n\u0131n Yerle\u015fim yerlerindeki T\u00fcketici Mahkemeleri ile bunlar\u0131n bulunamad\u0131\u011f\u0131 yerlerde Asliye Hukuk Mahkemeleri yetkilidir.<\/p>\n\n\n\n<p><strong>Madde 15: Y\u00fcr\u00fcrl\u00fck<\/strong><\/p>\n\n\n\n<p>Site \u00fczerinden verilen sipari\u015fe ait \u00f6demenin ger\u00e7ekle\u015fmesi durumunda ALICI i\u015fbu s\u00f6zle\u015fmenin t\u00fcm ko\u015fullar\u0131n\u0131 kabul etmi\u015f say\u0131lacakt\u0131r. SATICI, s\u00f6z konusu s\u00f6zle\u015fmenin site \u00fczerinde, ALICI taraf\u0131ndan okundu\u011funa ve kabul edildi\u011fine dair onay almaks\u0131z\u0131n sipari\u015f verilememesini sa\u011flayacak yaz\u0131l\u0131msal d\u00fczenlemeleri yapmakla y\u00fck\u00fcml\u00fcd\u00fcr.<\/p>\n\n\n\n<p><strong>Madde 16: Bildirimler<\/strong><\/p>\n\n\n\n<p>M\u00fc\u015fteri i\u015f bu s\u00f6zle\u015fmeyle \u00fcyelik i\u00e7in vermi\u015f oldu\u011fu cep telefonuna SMS yoluyla kampanya ve indirimler hakk\u0131nda bilgi mesaj\u0131 g\u00f6nderilmesine muvafakat eder. M\u00fc\u015fteri bu konudaki muvafakatini diledi\u011fi zaman geri alma hakk\u0131na sahiptir.<\/p>\n\n\n\n<p>TARAFLAR<\/p>\n\n\n\n<p>SATICI: Smart Ideas Yaz\u0131l\u0131m Medya Dan\u0131\u015fmanl\u0131k Ve Ticaret Ltd \u015eti.<\/p>\n\n\n\n<p>ALICI: xxxxx xxxxx<\/p>\n\n\n\n<p>Tarih: xx.xxx.2023<\/p>\n\n\n\n<p>Sed ut perspiciatis unde omnis iste natus error sit voluptatem accusantium doloremque laudantium, totam rem aperiam, eaque ipsa ute irure dolor in reprehenderit in voluptate velit esse cillum dolore eu fugiat nulla pariatur. Exc epteur sint occaecat cupidatat non proident, sunt in culpa qui officia deserunt mollit anim id est laborum. Sed ut perspiciatis lor sit amet, consectetur adipisicing elit, sed do eiusmod tempor incidid unt ut labore et dolore magna aliqua. Ut enim ad minim veniam, quis nostrud exercitation ullamco laboris nisi ut aliquip ex ea commodo consequat. Duis aute irure dolor in reprehenderit in voluptate velit esse cillum dolore eu fugiat nulla pariatur.<\/p>\n\n\n\n<p>Excepteur sint occaecat cupidatat non proident, sunt in culpa qui officia deserunt mollit anim id est laborum. Sed ut perspiciatis unde omnis iste natus error sit voluptatem<\/p>","protected":false},"excerpt":{"rendered":"<p>Madde 1: Taraflar 1.1 Sat\u0131c\u0131 \u00dcnvan\u0131: Smart Ideas Yaz\u0131l\u0131m Medya Dan\u0131\u015fmanl\u0131k Ve Ticaret Ltd \u015eti. Adres: Esentepe, Kasap Sk. Eser \u0130\u015f Merkezi No:20\/25 D:C Blok, 34394 \u015ei\u015fli\/\u0130stanbul Telefon: +90 (212) 275 5406 Eposta: info@crossist.com 1.2 Al\u0131c\u0131 Ad\u0131 \/ Soyad\u0131 \/ \u00dcnvan\u0131: xxxxxx xxxxxx T.C. Kimlik Numaras\u0131: Adres: xxxxxxxxxxxxxxxxxxxxxx Telefon: xxxxxx [&hellip;]<\/p>","protected":false},"author":1,"featured_media":0,"parent":0,"menu_order":0,"comment_status":"closed","ping_status":"closed","template":"","meta":{"inline_featured_image":false,"footnotes":""},"_links":{"self":[{"href":"https:\/\/akillifikirler.com\/en\/wp-json\/wp\/v2\/pages\/5013"}],"collection":[{"href":"https:\/\/akillifikirler.com\/en\/wp-json\/wp\/v2\/pages"}],"about":[{"href":"https:\/\/akillifikirler.com\/en\/wp-json\/wp\/v2\/types\/page"}],"author":[{"embeddable":true,"href":"https:\/\/akillifikirler.com\/en\/wp-json\/wp\/v2\/users\/1"}],"replies":[{"embeddable":true,"href":"https:\/\/akillifikirler.com\/en\/wp-json\/wp\/v2\/comments?post=5013"}],"version-history":[{"count":1,"href":"https:\/\/akillifikirler.com\/en\/wp-json\/wp\/v2\/pages\/5013\/revisions"}],"predecessor-version":[{"id":5014,"href":"https:\/\/akillifikirler.com\/en\/wp-json\/wp\/v2\/pages\/5013\/revisions\/5014"}],"wp:attachment":[{"href":"https:\/\/akillifikirler.com\/en\/wp-json\/wp\/v2\/media?parent=5013"}],"curies":[{"name":"wp","href":"https:\/\/api.w.org\/{rel}","templated":true}]}}