{"id":5011,"date":"2024-06-04T08:31:10","date_gmt":"2024-06-04T08:31:10","guid":{"rendered":"https:\/\/akillifikirler.com\/?page_id=5011"},"modified":"2024-06-04T08:31:11","modified_gmt":"2024-06-04T08:31:11","slug":"aydinltama-metni","status":"publish","type":"page","link":"https:\/\/akillifikirler.com\/en\/aydinltama-metni\/","title":{"rendered":"Ayd\u0131nltama Metni"},"content":{"rendered":"<p>Ayd\u0131nlatma Metni Genel 7 Nisan 2016 tarihli ve 29677 Say\u0131l\u0131 Resm\u00ee Gazete\u2019de yay\u0131mlanan 6698 say\u0131l\u0131 Ki\u015fisel Verilerin Korunmas\u0131 Kanunu (\u201cKanun\u201d) ile her daim uyumlu olarak ki\u015fisel verilerinizin i\u015fbu M\u00fc\u015fteri Ayd\u0131nlatma Metni kapsam\u0131nda veri sorumlusu olarak Smart Ideas Yaz\u0131l\u0131m Medya Dan\u0131\u015fmanl\u0131k Ve Ticaret Ltd \u015eti. taraf\u0131ndan a\u015fa\u011f\u0131da a\u00e7\u0131klanan kapsamda gerekli hallerde a\u00e7\u0131k r\u0131zan\u0131zla ya da kanunda \u00f6ng\u00f6r\u00fclen haller kapsam\u0131nda i\u015flenebilecektir. M\u00fc\u015fteri Ayd\u0131nlatma Metni\u2019nin amac\u0131, 10 Mart 2018 tarih ve 30356 say\u0131l\u0131 Resmi Gazete\u2019de yay\u0131mlanan Ayd\u0131nlatma Y\u00fck\u00fcml\u00fcl\u00fc\u011f\u00fcn\u00fcn Yerine Getirilmesinde Uyulacak Usul ve Esaslar Hakk\u0131nda Tebli\u011f\u2019i (\u201cTebli\u011f\u201d), Kanun ve ilgili mevzuat uyar\u0131nca Smart Ideas Yaz\u0131l\u0131m Medya Dan\u0131\u015fmanl\u0131k Ve Ticaret Ltd \u015eti.taraf\u0131ndan i\u015flenen ki\u015fisel verileriniz hakk\u0131nda sizleri bilgilendirmektir. \u0130\u015fbu M\u00fc\u015fteri Ayd\u0131nlatma Metni\u2019nin amac\u0131, Smart Ideas Yaz\u0131l\u0131m Medya Dan\u0131\u015fmanl\u0131k Ve Ticaret Ltd \u015eti. taraf\u0131ndan kamuya a\u00e7\u0131k olarak i\u015fletilmekte olan ve link adresi tellertag.com olan web sitesinin\/mobil uygulamas\u0131n\u0131n i\u015fletilmesi s\u0131ras\u0131nda s\u00f6z konusu sitenin \u00fcyeleri, kullan\u0131c\u0131lar\u0131 ve\/veya ziyaret\u00e7ilerinden (\u201cM\u00fc\u015fteri\u201d) elde edilen ki\u015fisel verilerinin i\u015flenmesine ili\u015fkin ayr\u0131nt\u0131l\u0131 bilginin sunulmas\u0131d\u0131r. Veri Sorumlusunun Kimli\u011fi Ki\u015fisel Verilerinizi Hangi Ama\u00e7la \u0130\u015fliyoruz? T\u00fcrkiye \u0130la\u00e7 ve T\u0131bbi Cihaz Kurumunun 3 Temmuz 2015 tarihli ve 29405 sayl\u0131 Resmi Gazete\u2019de yay\u0131nlad\u0131\u011f\u0131 Be\u015feri T\u0131bbi \u00dcr\u00fcnlerin Tan\u0131t\u0131m Faaliyetleri Hakk\u0131nda Y\u00f6netmelik\u2019in 5.maddesinde, T.C. Sa\u011fl\u0131k Bakanl\u0131\u011f\u0131 taraf\u0131ndan ruhsatland\u0131r\u0131lm\u0131\u015f \u00fcr\u00fcnlerin tan\u0131t\u0131m\u0131n\u0131n kimlere yap\u0131laca\u011f\u0131n\u0131 belirtilmi\u015ftir ve bu y\u00f6netmelik kapsam\u0131nda yer alan \u00fcr\u00fcnler i\u00e7in yap\u0131lacak tan\u0131t\u0131m\u0131n do\u011frudan eczac\u0131ya yap\u0131lmas\u0131 zorunlu iken T.C. Sa\u011fl\u0131k Bakanl\u0131\u011f\u0131 ruhsatl\u0131 olmad\u0131\u011f\u0131 halde eczane sat\u0131lmas\u0131 yasakl\u0131 olmayan her t\u00fcrl\u00fc \u00fcr\u00fcne dair yap\u0131lacak tan\u0131t\u0131mlar eczane ve eczane \u00e7al\u0131\u015fanlar\u0131na yap\u0131labilmektedir. Bu gerek\u00e7elerle ba\u015fta ilgili resmi makamlar\u0131n ve tan\u0131t\u0131m\u0131 yap\u0131lan \u00fcr\u00fcnlerin ila\u00e7 firmalar\u0131 yetkililerinin talebi durumunda, yap\u0131lm\u0131\u015f ya da yap\u0131lan tan\u0131t\u0131mlar\u0131n do\u011frudan eczac\u0131ya \/ eczane \u00e7al\u0131\u015fan\u0131na yap\u0131ld\u0131\u011f\u0131n\u0131n belgelenmesi amac\u0131yla, bununla birlikte ilgili y\u00f6netmeli\u011fin d\u0131\u015f\u0131nda kalan ve eczanede sat\u0131lmas\u0131 yasakl\u0131 olmayan her t\u00fcrl\u00fc \u00fcr\u00fcn\u00fcn etkili olarak tan\u0131t\u0131m\u0131n\u0131n yap\u0131lmas\u0131 i\u00e7in ve siteye \u00fcye eczac\u0131n\u0131n \/ eczane \u00e7al\u0131\u015fan\u0131n sadakatini artt\u0131rmak i\u00e7in uzaktan e\u011fitim ara\u00e7lar\u0131 ile verilecek mesleki, ki\u015fisel geli\u015fim vb. gibi \u00e7e\u015fitli e\u011fitim faaliyetlerinin ve\/veya promosyonlar\u0131n duyurulmas\u0131 amac\u0131yla ve Kanun ile ilgili mevzuattan kaynaklanan yasal y\u00fck\u00fcml\u00fcl\u00fck \u00e7er\u00e7evesinde; i\u015f bu metinde say\u0131lanlarla s\u0131n\u0131rl\u0131 olmamak \u00fczere s\u00f6z konusu ama\u00e7 ve yasal y\u00fck\u00fcml\u00fcl\u00fcklerini yerine getirebilmeyi sa\u011flayacak ki\u015fisel verilerinizi ad, soyad, eczane ad\u0131, eczanenin bulundu\u011fu il, bulundu\u011fu il\u00e7e, eposta adresi, eczac\u0131\/eczane \u00e7al\u0131\u015fan\u0131 cep telefonu ve eczac\u0131 \u00fcyeler i\u00e7in GLN verilerinizi a\u015fa\u011f\u0131daki ama\u00e7lara uygun \u015fekilde tellertag.com taraf\u0131ndan web uygulamas\u0131 arac\u0131l\u0131\u011f\u0131 ile kayd\u0131 al\u0131nmaktad\u0131r. A\u015fa\u011f\u0131da belirtilen ama\u00e7lar esas al\u0131narak, ancak bunlarla s\u0131n\u0131rl\u0131 olmamak \u00fczere, ki\u015fisel verileriniz; tellertag.com web sitesinde \u00fcye kayd\u0131n\u0131n a\u00e7\u0131lmas\u0131, kullan\u0131c\u0131 ad\u0131 olu\u015fturulmas\u0131, g\u00fcncellenmesi, bilgilendirme, \u00fcr\u00fcn tan\u0131t\u0131m\u0131 yap\u0131lmas\u0131, \u00fcyelere toplu elektronik ileti y\u00f6netiminin sa\u011flanmas\u0131, tellertag.com web sitesinin \u00e7al\u0131\u015fmas\u0131 i\u00e7in gerekli temel fonksiyonlar\u0131 ger\u00e7ekle\u015ftirmesi, tellertag.com web sitesini analiz etmek ve bu sayede performans\u0131n\u0131n artt\u0131r\u0131lmas\u0131, tellertag.com web sitesinin i\u015flevselli\u011fini artt\u0131rmak ve kullan\u0131m kolayl\u0131\u011f\u0131 sa\u011flanmas\u0131, tellertag.com web sitesine y\u00f6nelik olarak ki\u015fiselle\u015ftirme, hedefleme ve reklamc\u0131l\u0131k faaliyeti ger\u00e7ekle\u015ftirmesi, \u00fcye ile kurulacak s\u00f6zle\u015fmenin kurulmas\u0131 veya ifas\u0131yla do\u011frudan do\u011fruya ilgili olmas\u0131 kayd\u0131yla, s\u00f6zle\u015fmenin taraflar\u0131na ait ki\u015fisel verilerin i\u015flenmesinin gerekli olmas\u0131, Smart Ideas Yaz\u0131l\u0131m Medya Dan\u0131\u015fmanl\u0131k Ve Ltd \u015eti\u2019in hukuki y\u00fck\u00fcml\u00fcl\u00fc\u011f\u00fcn\u00fc yerine getirebilmesi i\u00e7in zorunlu olmas\u0131, bir hakk\u0131n tesisi, kullan\u0131lmas\u0131 veya korunmas\u0131 i\u00e7in verinizi i\u015flemenin zorunlu olmas\u0131, ilgili ki\u015finin temel hak ve \u00f6zg\u00fcrl\u00fcklerine zarar vermemek kayd\u0131yla, tellertag.com Smart Ideas Yaz\u0131l\u0131m Medya Dan\u0131\u015fmanl\u0131k Ve Ticaret Ltd \u015eti.me\u015fru menfaatleri i\u00e7in veri i\u015flenmesinin zorunlu olmas\u0131 gibi di\u011fer nedenlerle, Kanun\u2019un 5. ve 6. maddelerinde belirtilen ki\u015fisel veri i\u015fleme \u015fartlar\u0131 ve ama\u00e7lar\u0131 d\u00e2hilinde belirli, a\u00e7\u0131k ve me\u015fru ama\u00e7lar i\u00e7in i\u015flenecektir. \u0130laveten, Smart Ideas Yaz\u0131l\u0131m Medya Dan\u0131\u015fmanl\u0131k Ve Ticaret Ltd \u015eti.\u2019in Kanun, Tebli\u011f ve\/veya ilgili mevzuat uyar\u0131nca d\u00fczenlemi\u015f oldu\u011fu ve Smart Ideas Yaz\u0131l\u0131m Medya Dan\u0131\u015fmanl\u0131k Ve Ticaret Ltd \u015eti.taraf\u0131ndan kamuoyu ile Smart Ideas Yaz\u0131l\u0131m Medya Dan\u0131\u015fmanl\u0131k Ve Ticaret Ltd \u015eti.\u2019in bu hizmet i\u00e7in kulland\u0131\u011f\u0131 websitesi olan https:\/\/tellertag.com \u00fczerinden payla\u015fm\u0131\u015f oldu\u011fu \u00c7erez Bilgilendirme Metni\u2019nden (\u201cSmart Ideas Yaz\u0131l\u0131m Medya Dan\u0131\u015fmanl\u0131k Ve Ticaret Ltd \u015eti.Politikalar\u0131\u201d) ki\u015fisel verilerinizin Smart Ideas Yaz\u0131l\u0131m Medya Dan\u0131\u015fmanl\u0131k Ve Ticaret Ltd \u015eti. taraf\u0131ndan i\u015flenmesi ama\u00e7lar\u0131n\u0131n detaylar\u0131na ve kulland\u0131\u011f\u0131m\u0131z \u00e7erezler hakk\u0131ndaki detayl\u0131 bilgilere ula\u015fabilirsiniz. Mevzuata uygunlu\u011fun sa\u011flanabilmesi i\u00e7in y\u00f6netmelik ve politikalar\u0131m\u0131z g\u00fcncellenece\u011finden web sitemizi d\u00fczenli aral\u0131klarla takip etmenizi \u00f6neririz. \u0130\u015flenen Ki\u015fisel Verilerin Kimlere ve Hangi Ama\u00e7la Aktar\u0131lacak? Toplanm\u0131\u015f olan ki\u015fisel verileriniz; yukar\u0131da belirtilen ama\u00e7lar do\u011frultusunda ve amac\u0131n gerektirdi\u011fi \u00f6l\u00e7\u00fcde; Smart Ideas Yaz\u0131l\u0131m Medya Dan\u0131\u015fmanl\u0131k Ve Ticaret Ltd \u015eti.\u2019in yurt i\u00e7indeki veya yurt d\u0131\u015f\u0131nda d\u0131\u015far\u0131dan hizmet al\u0131nan i\u015f ortaklar\u0131na ve\/veya hissedarlar\u0131na, tedarik\u00e7ilerine ve di\u011fer hizmet sa\u011flay\u0131c\u0131lara, kanunen yetkili kamu kurumlar\u0131 ve\/veya \u00f6zel ki\u015filere, Kanun\u2019un \u201cKi\u015fisel verilerin aktar\u0131lmas\u0131\u201d ba\u015fl\u0131kl\u0131 8. maddesi ile \u201cKi\u015fisel verilerin yurt d\u0131\u015f\u0131na aktar\u0131lmas\u0131\u201d ba\u015fl\u0131kl\u0131 9. maddesinde belirtilen ki\u015fisel veri i\u015fleme \u015fartlar\u0131 ve ama\u00e7lar\u0131na ek olarak; i\u015f ortaklar\u0131 ve tedarik\u00e7ilerle performans de\u011ferlendirme s\u00fcre\u00e7leri ve bu s\u00fcre\u00e7lerin organize edilmesi, \u00e7er\u00e7evesinde Smart Ideas Yaz\u0131l\u0131m Medya Dan\u0131\u015fmanl\u0131k Ve Ticaret Ltd \u015eti. taraf\u0131ndan aktar\u0131labilmektedir. Ki\u015fisel Verilerinizin Toplanma Y\u00f6ntemi ve Hukuki Sebebi Nedir? Smart Ideas Yaz\u0131l\u0131m Medya Dan\u0131\u015fmanl\u0131k Ve Ticaret Ltd \u015eti. taraf\u0131ndan ki\u015fisel verileriniz, Smart Ideas Yaz\u0131l\u0131m Medya Dan\u0131\u015fmanl\u0131k Ve Ticaret Ltd \u015eti.\u2019in y\u00f6netti\u011fi tellertag.com adl\u0131 internet sitesi ve e-posta kanallar\u0131 ve ilgili departmanlar\u0131 vas\u0131tas\u0131yla toplanmaktad\u0131r. \u0130lgili toplama i\u015flemi Kanun\u2019un 5. ve 6. maddelerinde belirtilen ki\u015fisel veri i\u015fleme \u015fartlar\u0131 ve ama\u00e7lar\u0131 ile i\u015fbu \u00dcye Ayd\u0131nlatma Metni\u2019nde s\u00f6z\u00fc ge\u00e7en \u201cKi\u015fisel Verilerinizi Hangi Ama\u00e7la \u0130\u015fliyoruz?\u201d ba\u015fl\u0131\u011f\u0131 alt\u0131nda belirtilen ama\u00e7lara istinaden ger\u00e7ekle\u015ftirilmektedir. Ki\u015fisel Verilerinizin G\u00fcvenli\u011fi, Muhafazas\u0131 ve \u0130mhas\u0131 Smart Ideas Yaz\u0131l\u0131m Medya Dan\u0131\u015fmanl\u0131k Ve Ticaret Ltd \u015eti.ki\u015fisel veri g\u00fcvenli\u011fi ve ki\u015fi mahremiyetinin korunmas\u0131 konusunda olduk\u00e7a y\u00fcksek hassasiyet ve fark\u0131ndal\u0131\u011fa sahiptir. Smart Ideas Yaz\u0131l\u0131m Medya Dan\u0131\u015fmanl\u0131k Ve Ticaret Ltd \u015eti.olarak, ki\u015fisel verilere yetkisiz eri\u015fim veya bu bilgilerin kayb\u0131, hatal\u0131 kullan\u0131m\u0131, if\u015fa edilmesi, de\u011fi\u015ftirilmesi veya imha edilmesine kar\u015f\u0131 koruman\u0131n sa\u011flanmas\u0131, ki\u015fisel verilerinizin gizli tutulmas\u0131, gizlili\u011fin sa\u011flanmas\u0131 ve g\u00fcvenli\u011fin sa\u011flanmas\u0131 i\u00e7in gerekli idari ve teknik \u00f6nlemleri almaktay\u0131z. Gerekli durumlarda Smart Ideas Yaz\u0131l\u0131m Medya Dan\u0131\u015fmanl\u0131k Ve Ticaret Ltd \u015eti.Kanun ve ki\u015fisel verilerin korunmas\u0131 mevzuat\u0131 uyar\u0131nca sizleri ve Ki\u015fisel Verileri Koruma Kurulu\u2019nu derhal bilgilendirir. \u0130\u015fbu M\u00fc\u015fteri Ayd\u0131nlatma Metni\u2019nde belirtilen \u00dcye\u2019lerimize ait ki\u015fisel veriler ba\u015fta Kanun ve ki\u015fisel verilerin korunmas\u0131 mevzuat\u0131 olmak \u00fczere Ki\u015fisel Verilerin Korunmas\u0131 Prosed\u00fcr\u00fc ile Ki\u015fisel Veri Saklama ve \u0130mha Politikas\u0131\u2019na uygun \u015fekilde g\u00fcvenli\u011fi sa\u011flanarak Smart Ideas Yaz\u0131l\u0131m Medya Dan\u0131\u015fmanl\u0131k Ve Ticaret Ltd \u015eti.taraf\u0131ndan i\u015flenmektedir. Ki\u015fisel verileriniz, i\u015fbu M\u00fc\u015fteri Ayd\u0131nlatma Metni\u2019nde belirtilen i\u015fleme ama\u00e7lar\u0131 i\u00e7in gerekli olan s\u00fcre ve her hal\u00fckarda yasal d\u00fczenlemelerde belirtilen kanuni zamana\u015f\u0131m\u0131 s\u00fcreleri boyunca muhafaza edilmektedir. An\u0131lan s\u00fcrelerin sona ermesi veya bu y\u00f6nde talebinizin uygun bulunmas\u0131 halinde, Ki\u015fisel Veri Saklama ve \u0130mha Politikas\u0131 do\u011frultusunda Smart Ideas Yaz\u0131l\u0131m Medya Dan\u0131\u015fmanl\u0131k Ve Ticaret Ltd \u015eti.ki\u015fisel verilerinizi siler, yok eder veya anonim hale getirir. Ki\u015fisel Veri Sahibinin 6698 say\u0131l\u0131 Kanun\u2019un 11. maddesinde Say\u0131lan Haklar\u0131 Nelerdir? Ki\u015fisel veri sahipleri olarak Kanun\u2019un \u201c\u0130lgili ki\u015finin haklar\u0131\u201d ba\u015fl\u0131kl\u0131 11. maddesi uyar\u0131nca; Ki\u015fisel verilerinizin i\u015flenip i\u015flenmedi\u011fini \u00f6\u011frenme, ki\u015fisel verileriniz i\u015flenmi\u015fse buna ili\u015fkin bilgi talep etme, ki\u015fisel verilerinizin i\u015flenme amac\u0131n\u0131 ve bunlar\u0131n amac\u0131na uygun kullan\u0131l\u0131p kullan\u0131lmad\u0131\u011f\u0131n\u0131 \u00f6\u011frenme, yurt i\u00e7inde veya yurt d\u0131\u015f\u0131nda ki\u015fisel verilerinizin aktar\u0131ld\u0131\u011f\u0131 \u00fc\u00e7\u00fcnc\u00fc ki\u015fileri bilme, ki\u015fisel verilerinizin eksik veya yanl\u0131\u015f i\u015flenmi\u015f olmas\u0131 h\u00e2linde bunlar\u0131n d\u00fczeltilmesini isteme ve bu kapsamda yap\u0131lan i\u015flemin ki\u015fisel verilerinizin aktar\u0131ld\u0131\u011f\u0131 \u00fc\u00e7\u00fcnc\u00fc ki\u015filere bildirilmesini isteme, kanun ve sair mevzuat h\u00fck\u00fcmlerine uygun olarak i\u015flenmi\u015f olmas\u0131na ra\u011fmen, i\u015flenmesini gerektiren sebeplerin ortadan kalkmas\u0131 h\u00e2linde ki\u015fisel verilerinizin silinmesini veya yok edilmesini isteme ve bu kapsamda yap\u0131lan i\u015flemin ki\u015fisel verilerinizin aktar\u0131ld\u0131\u011f\u0131 \u00fc\u00e7\u00fcnc\u00fc ki\u015filere bildirilmesini isteme, i\u015flenen verilerinizin m\u00fcnhas\u0131ran otomatik sistemler vas\u0131tas\u0131yla analiz edilmesi suretiyle aleyhinize olan bir sonucun ortaya \u00e7\u0131kmas\u0131na itiraz etme, ki\u015fisel verilerinizin kanuna ayk\u0131r\u0131 olarak i\u015flenmesi sebebiyle zarara u\u011framan\u0131z h\u00e2linde zarar\u0131n giderilmesini talep etme, haklar\u0131n\u0131z bulunmaktad\u0131r. \u00dcye\u2019ler web sitesi \u00fczerinde payla\u015ft\u0131klar\u0131 bilgilerin do\u011fru olmas\u0131n\u0131n ve g\u00fcncel bir \u015fekilde muhafaza edilmesinin Kanun kapsam\u0131nda ki\u015fisel verileri \u00fczerinde sahip olduklar\u0131 haklar\u0131 kullanabilmeleri ve ilgili di\u011fer mevzuat a\u00e7\u0131s\u0131ndan \u00f6nemli oldu\u011funu bildiklerini ve yanl\u0131\u015f bilgi verilmesinden do\u011facak sorumluluklar\u0131n tamamen kendilerine ait olaca\u011f\u0131n\u0131 kabul ve beyan etmi\u015flerdir. Ki\u015fisel veri sahipleri olarak, haklar\u0131n\u0131za ili\u015fkin taleplerinizi yukar\u0131da \u2018Veri Sorumlusunun Kimli\u011fi\u2019 ba\u015fl\u0131\u011f\u0131 alt\u0131nda belirtilen \u015firket adresine e.posta yolu ile usul\u00fcne uygun, kimlik bilgilerinizi belirtir \u015fekilde iletmeniz halinde, Smart Ideas Yaz\u0131l\u0131m Medya Dan\u0131\u015fmanl\u0131k Ve Ticaret Ltd \u015eti.s\u00f6z konusu talebinizin niteli\u011fine g\u00f6re en k\u0131sa s\u00fcrede ve en ge\u00e7 otuz (30) g\u00fcn i\u00e7inde \u00fccretsiz olarak ancak, i\u015flemin ayr\u0131ca bir maliyeti gerektirmesi halinde, Ki\u015fisel Verileri Koruma Kurulu\u2019nca belirlenen tarifedeki \u00fccret al\u0131narak talebinizi sonu\u00e7land\u0131racakt\u0131r. Smart Ideas Yaz\u0131l\u0131m Medya Dan\u0131\u015fmanl\u0131k Ve Ticaret Ltd \u015eti. Ki\u015fisel verilerin korunmas\u0131 kanunu Smart Ideas Yaz\u0131l\u0131m Medya Dan\u0131\u015fmanl\u0131k Ve Ticaret Ltd \u015eti.(\u201cAk\u0131ll\u0131 Fikirler\u201d veya \u201c\u015eirket\u201d); veri sorumlusu s\u0131fat\u0131yla, 7 Nisan 2016 tarihli ve 29677 Say\u0131l\u0131 Resm\u00ee Gazete\u2019de yay\u0131mlanan 6698 say\u0131l\u0131 Ki\u015fisel Verilerin Korunmas\u0131 Kanunu (\u201cKanun\u201d) ve ilgili mevzuat kapsam\u0131nda istisnaya tabi olan hallerin haricinde, ki\u015fisel verilerinizin i\u015flenmesi kapsam\u0131nda a\u015fa\u011f\u0131daki hususlara ili\u015fkin a\u00e7\u0131k r\u0131zan\u0131z\u0131 talep etmektedir. Kanun ile Smart Ideas Yaz\u0131l\u0131m Medya Dan\u0131\u015fmanl\u0131k Ve Ticaret Ltd \u015eti.Politikalar\u0131 kapsam\u0131nda d\u00fczenlenmi\u015f olan ilgili h\u00fck\u00fcmlerde belirtildi\u011fi \u00fczere i\u015flenmelerini gerektiren ama\u00e7 \u00e7er\u00e7evesinde ve bu ama\u00e7la ba\u011flant\u0131l\u0131 olarak s\u0131n\u0131rl\u0131 ve \u00f6l\u00e7\u00fcl\u00fc bir \u015fekilde, taraf\u0131m\u0131za bildirdi\u011finiz veya bildirildi\u011fi \u015fekliyle olmak \u00fczere do\u011frulu\u011funu ve en g\u00fcncel halini koruyarak, kaydedilece\u011fini, depolanaca\u011f\u0131n\u0131, muhafaza edilece\u011fini, yeniden d\u00fczenlenece\u011fini, Kanun\u2019da d\u00fczenlendi\u011fi \u00fczere bu ki\u015fisel verileri talep etmeye yetkili olan kamu kurumlar\u0131 ile kurulu\u015flar\u0131 ile payla\u015f\u0131laca\u011f\u0131n\u0131 ve Kanun\u2019un \u00f6ng\u00f6rd\u00fc\u011f\u00fc \u015fartlarda, i\u015f bu metinde a\u015fa\u011f\u0131da bahsedilen ama\u00e7lar dahilinde yurti\u00e7inde veya yurt d\u0131\u015f\u0131nda bulunan Ak\u0131ll\u0131 Fikirler\u2019in hissedarlar\u0131na, i\u015f ortaklar\u0131na, tedarik\u00e7ilerine ve\/veya \u00fc\u00e7\u00fcnc\u00fc ki\u015filere a\u015fa\u011f\u0131da belirtilen ama\u00e7lara ek olarak; i\u015f ortaklar\u0131 ve tedarik\u00e7ilerle performans de\u011ferlendirme s\u00fcre\u00e7leri ve bu s\u00fcre\u00e7lerin organize edilmesi, telekom\u00fcnikasyon \u00fcr\u00fcnleri ve\/veya hizmetleri \u00e7er\u00e7evesinde Smart Ideas Yaz\u0131l\u0131m Medya Dan\u0131\u015fmanl\u0131k Ve Ticaret Ltd \u015eti.taraf\u0131ndan aktar\u0131laca\u011f\u0131n\u0131, devredilece\u011fini, s\u0131n\u0131fland\u0131r\u0131labilece\u011fini ve Kanun\u2019da say\u0131lan sair \u015fekillerde i\u015flenebilece\u011fini bildiririz. T\u00fcrkiye \u0130la\u00e7 ve T\u0131bbi Cihaz Kurumunun 3 Temmuz 2015 tarihli ve 29405 sayl\u0131 Resmi Gazete\u2019de yay\u0131nlad\u0131\u011f\u0131 Be\u015feri T\u0131bbi \u00dcr\u00fcnlerin Tan\u0131t\u0131m Faaliyetleri Hakk\u0131nda Y\u00f6netmelik\u2019in 5.maddesinde, T.C. Sa\u011fl\u0131k Bakanl\u0131\u011f\u0131 taraf\u0131ndan ruhsatland\u0131r\u0131lm\u0131\u015f \u00fcr\u00fcnlerin tan\u0131t\u0131m\u0131n\u0131n kimlere yap\u0131laca\u011f\u0131n\u0131 belirtilmi\u015ftir ve bu y\u00f6netmelik kapsam\u0131nda yer alan \u00fcr\u00fcnler i\u00e7in yap\u0131lacak tan\u0131t\u0131m\u0131n do\u011frudan eczac\u0131ya yap\u0131lmas\u0131 zorunlu iken T.C. Sa\u011fl\u0131k Bakanl\u0131\u011f\u0131 ruhsatl\u0131 olmad\u0131\u011f\u0131 halde eczane sat\u0131lmas\u0131 yasakl\u0131 olmayan her t\u00fcrl\u00fc \u00fcr\u00fcne dair yap\u0131lacak tan\u0131t\u0131mlar eczane ve eczane \u00e7al\u0131\u015fanlar\u0131na yap\u0131labilmektedir. Bu gerek\u00e7elerle ba\u015fta ilgili resmi makamlar\u0131n ve tan\u0131t\u0131m\u0131 yap\u0131lan \u00fcr\u00fcnlerin ila\u00e7 firmalar\u0131 yetkililerinin talebi durumunda, yap\u0131lm\u0131\u015f ya da yap\u0131lan tan\u0131t\u0131mlar\u0131n do\u011frudan eczac\u0131ya \/ eczane \u00e7al\u0131\u015fan\u0131na yap\u0131ld\u0131\u011f\u0131n\u0131n belgelenmesi amac\u0131yla, bununla birlikte ilgili y\u00f6netmeli\u011fin d\u0131\u015f\u0131nda kalan ve eczanede sat\u0131lmas\u0131 yasakl\u0131 olmayan her t\u00fcrl\u00fc \u00fcr\u00fcn\u00fcn etkili olarak tan\u0131t\u0131m\u0131n\u0131n yap\u0131lmas\u0131 i\u00e7in ve siteye \u00fcye eczac\u0131n\u0131n \/ eczane \u00e7al\u0131\u015fan\u0131n sadakatini artt\u0131rmak i\u00e7in uzaktan e\u011fitim ara\u00e7lar\u0131 ile verilecek mesleki, ki\u015fisel geli\u015fim vb. gibi \u00e7e\u015fitli e\u011fitim faaliyetlerinin ve\/veya promosyonlar\u0131n duyurulmas\u0131 amac\u0131yla ve Kanun ile ilgili mevzuattan kaynaklanan yasal y\u00fck\u00fcml\u00fcl\u00fck \u00e7er\u00e7evesinde; i\u015f bu metinde say\u0131lanlarla s\u0131n\u0131rl\u0131 olmamak \u00fczere s\u00f6z konusu ama\u00e7 ve yasal y\u00fck\u00fcml\u00fcl\u00fcklerini yerine getirebilmeyi sa\u011flayacak ki\u015fisel verilerinizi ad, soyad, eczane ad\u0131, eczanenin bulundu\u011fu il, bulundu\u011fu il\u00e7e, eposta adresi, eczac\u0131\/eczane \u00e7al\u0131\u015fan\u0131 cep telefonu ve eczac\u0131 \u00fcyeler i\u00e7in GLN verilerinizi a\u015fa\u011f\u0131daki ama\u00e7lara uygun \u015fekilde tellertag.com taraf\u0131ndan web uygulamas\u0131 arac\u0131l\u0131\u011f\u0131 ile kayd\u0131 al\u0131nmaktad\u0131r. A\u015fa\u011f\u0131da belirtilen ama\u00e7lar esas al\u0131narak, ancak bunlarla s\u0131n\u0131rl\u0131 olmamak \u00fczere, ki\u015fisel verileriniz; tellertag.com web sitesinde \u00fcye kayd\u0131n\u0131n a\u00e7\u0131lmas\u0131, kullan\u0131c\u0131 ad\u0131 olu\u015fturulmas\u0131, g\u00fcncellenmesi, bilgilendirme, \u00fcr\u00fcn tan\u0131t\u0131m\u0131 yap\u0131lmas\u0131, \u00fcyelere toplu elektronik ileti y\u00f6netiminin sa\u011flanmas\u0131, tellertag.com web sitesinin \u00e7al\u0131\u015fmas\u0131 i\u00e7in gerekli temel fonksiyonlar\u0131 ger\u00e7ekle\u015ftirmesi, tellertag.com web sitesini analiz etmek ve bu sayede performans\u0131n\u0131n artt\u0131r\u0131lmas\u0131, tellertag.com web sitesinin i\u015flevselli\u011fini artt\u0131rmak ve kullan\u0131m kolayl\u0131\u011f\u0131 sa\u011flanmas\u0131, tellertag.com web sitesine y\u00f6nelik olarak ki\u015fiselle\u015ftirme, hedefleme ve reklamc\u0131l\u0131k faaliyeti ger\u00e7ekle\u015ftirmesi, \u00fcye ile kurulacak s\u00f6zle\u015fmenin kurulmas\u0131 veya ifas\u0131yla do\u011frudan do\u011fruya ilgili olmas\u0131 kayd\u0131yla, s\u00f6zle\u015fmenin taraflar\u0131na ait ki\u015fisel verilerin i\u015flenmesinin gerekli olmas\u0131, Ak\u0131ll\u0131 Fikirler\u2019in hukuki y\u00fck\u00fcml\u00fcl\u00fc\u011f\u00fcn\u00fc yerine getirebilmesi i\u00e7in zorunlu olmas\u0131, bir hakk\u0131n tesisi, kullan\u0131lmas\u0131 veya korunmas\u0131 i\u00e7in verinizi i\u015flemenin zorunlu olmas\u0131, ilgili ki\u015finin temel hak ve \u00f6zg\u00fcrl\u00fcklerine zarar vermemek kayd\u0131yla, tellertag.com Smart Ideas Yaz\u0131l\u0131m Medya Dan\u0131\u015fmanl\u0131k Ve Ticaret Ltd \u015eti.me\u015fru menfaatleri i\u00e7in veri i\u015flenmesinin zorunlu olmas\u0131 gibi di\u011fer nedenlerle, Kanun\u2019un 5. ve 6. maddelerinde belirtilen ki\u015fisel veri i\u015fleme \u015fartlar\u0131 ve ama\u00e7lar\u0131 d\u00e2hilinde belirli, a\u00e7\u0131k ve me\u015fru ama\u00e7lar i\u00e7in i\u015flenecektir. \u0130\u015fbu M\u00fc\u015fteri A\u00e7\u0131k R\u0131za Metni\u2019nde yer alan hususlarla alakal\u0131 olarak a\u00e7\u0131k r\u0131za vermi\u015f oldu\u011fum ki\u015fisel verilerimin, yukar\u0131da a\u00e7\u0131klanm\u0131\u015f olan ama\u00e7larla i\u015flenmesine ve yukar\u0131da belirtilmi\u015f olan ki\u015filere aktar\u0131lmas\u0131na hi\u00e7bir etki alt\u0131nda kalmadan, M\u00fc\u015fteri Ayd\u0131nlatma Metni\u2019ni de okuyarak a\u00e7\u0131k r\u0131za veriyorum.<\/p>","protected":false},"excerpt":{"rendered":"<p>Ayd\u0131nlatma Metni Genel 7 Nisan 2016 tarihli ve 29677 Say\u0131l\u0131 Resm\u00ee Gazete\u2019de yay\u0131mlanan 6698 say\u0131l\u0131 Ki\u015fisel Verilerin Korunmas\u0131 Kanunu (\u201cKanun\u201d) ile her daim uyumlu olarak ki\u015fisel verilerinizin i\u015fbu M\u00fc\u015fteri Ayd\u0131nlatma Metni kapsam\u0131nda veri sorumlusu olarak Smart Ideas Yaz\u0131l\u0131m Medya Dan\u0131\u015fmanl\u0131k Ve Ticaret Ltd \u015eti. taraf\u0131ndan a\u015fa\u011f\u0131da a\u00e7\u0131klanan kapsamda gerekli hallerde [&hellip;]<\/p>","protected":false},"author":1,"featured_media":0,"parent":0,"menu_order":0,"comment_status":"closed","ping_status":"closed","template":"","meta":{"inline_featured_image":false,"footnotes":""},"_links":{"self":[{"href":"https:\/\/akillifikirler.com\/en\/wp-json\/wp\/v2\/pages\/5011"}],"collection":[{"href":"https:\/\/akillifikirler.com\/en\/wp-json\/wp\/v2\/pages"}],"about":[{"href":"https:\/\/akillifikirler.com\/en\/wp-json\/wp\/v2\/types\/page"}],"author":[{"embeddable":true,"href":"https:\/\/akillifikirler.com\/en\/wp-json\/wp\/v2\/users\/1"}],"replies":[{"embeddable":true,"href":"https:\/\/akillifikirler.com\/en\/wp-json\/wp\/v2\/comments?post=5011"}],"version-history":[{"count":1,"href":"https:\/\/akillifikirler.com\/en\/wp-json\/wp\/v2\/pages\/5011\/revisions"}],"predecessor-version":[{"id":5012,"href":"https:\/\/akillifikirler.com\/en\/wp-json\/wp\/v2\/pages\/5011\/revisions\/5012"}],"wp:attachment":[{"href":"https:\/\/akillifikirler.com\/en\/wp-json\/wp\/v2\/media?parent=5011"}],"curies":[{"name":"wp","href":"https:\/\/api.w.org\/{rel}","templated":true}]}}