{"id":4938,"date":"2024-05-31T17:00:22","date_gmt":"2024-05-31T17:00:22","guid":{"rendered":"https:\/\/akillifikirler.com\/?page_id=4938"},"modified":"2024-05-31T18:29:31","modified_gmt":"2024-05-31T18:29:31","slug":"tellertag","status":"publish","type":"page","link":"https:\/\/akillifikirler.com\/en\/tellertag\/","title":{"rendered":"Tellertag"},"content":{"rendered":"<div data-elementor-type=\"wp-page\" data-elementor-id=\"4938\" class=\"elementor elementor-4938\" data-elementor-settings=\"[]\">\n\t\t\t\t\t\t<div class=\"elementor-inner\">\n\t\t\t\t\t\t\t<div class=\"elementor-section-wrap\">\n\t\t\t\t\t\t\t<section class=\"elementor-section elementor-top-section elementor-element elementor-element-b5d8a35 elementor-section-full_width elementor-section-height-default elementor-section-height-default\" data-id=\"b5d8a35\" data-element_type=\"section\">\n\t\t\t\t\t\t<div class=\"elementor-container elementor-column-gap-default\">\n\t\t\t\t\t\t\t<div class=\"elementor-row\">\n\t\t\t\t\t<div class=\"elementor-column elementor-col-25 elementor-top-column elementor-element elementor-element-9a0e05a\" data-id=\"9a0e05a\" data-element_type=\"column\">\n\t\t\t<div class=\"elementor-column-wrap\">\n\t\t\t\t\t\t\t<div class=\"elementor-widget-wrap\">\n\t\t\t\t\t\t\t\t<\/div>\n\t\t\t\t\t<\/div>\n\t\t<\/div>\n\t\t\t\t<div class=\"elementor-column elementor-col-50 elementor-top-column elementor-element elementor-element-6ae6508\" data-id=\"6ae6508\" data-element_type=\"column\">\n\t\t\t<div class=\"elementor-column-wrap elementor-element-populated\">\n\t\t\t\t\t\t\t<div class=\"elementor-widget-wrap\">\n\t\t\t\t\t\t<div class=\"elementor-element elementor-element-9d6a42a elementor-widget elementor-widget-image\" data-id=\"9d6a42a\" data-element_type=\"widget\" data-widget_type=\"image.default\">\n\t\t\t\t<div class=\"elementor-widget-container\">\n\t\t\t\t\t\t\t\t<div class=\"elementor-image\">\n\t\t\t\t\t\t\t\t\t\t\t\t<img loading=\"lazy\" decoding=\"async\" width=\"1024\" height=\"455\" src=\"https:\/\/akillifikirler.com\/wp-content\/uploads\/2024\/05\/ginko_teller-1024x455.jpg\" class=\"attachment-large size-large\" alt=\"\" srcset=\"https:\/\/akillifikirler.com\/wp-content\/uploads\/2024\/05\/ginko_teller-1024x455.jpg 1024w, https:\/\/akillifikirler.com\/wp-content\/uploads\/2024\/05\/ginko_teller-300x133.jpg 300w, https:\/\/akillifikirler.com\/wp-content\/uploads\/2024\/05\/ginko_teller-768x341.jpg 768w, https:\/\/akillifikirler.com\/wp-content\/uploads\/2024\/05\/ginko_teller-18x8.jpg 18w, https:\/\/akillifikirler.com\/wp-content\/uploads\/2024\/05\/ginko_teller.jpg 1258w\" sizes=\"(max-width: 1024px) 100vw, 1024px\" \/>\t\t\t\t\t\t\t\t\t\t\t\t\t\t<\/div>\n\t\t\t\t\t\t<\/div>\n\t\t\t\t<\/div>\n\t\t\t\t\t\t<\/div>\n\t\t\t\t\t<\/div>\n\t\t<\/div>\n\t\t\t\t<div class=\"elementor-column elementor-col-25 elementor-top-column elementor-element elementor-element-0ddd73f\" data-id=\"0ddd73f\" data-element_type=\"column\">\n\t\t\t<div class=\"elementor-column-wrap\">\n\t\t\t\t\t\t\t<div class=\"elementor-widget-wrap\">\n\t\t\t\t\t\t\t\t<\/div>\n\t\t\t\t\t<\/div>\n\t\t<\/div>\n\t\t\t\t\t\t\t\t<\/div>\n\t\t\t\t\t<\/div>\n\t\t<\/section>\n\t\t\t\t<section class=\"elementor-section elementor-top-section elementor-element elementor-element-cb4847b elementor-section-full_width elementor-section-height-default elementor-section-height-default\" data-id=\"cb4847b\" data-element_type=\"section\">\n\t\t\t\t\t\t<div class=\"elementor-container elementor-column-gap-default\">\n\t\t\t\t\t\t\t<div class=\"elementor-row\">\n\t\t\t\t\t<div class=\"elementor-column elementor-col-100 elementor-top-column elementor-element elementor-element-14b44e7\" data-id=\"14b44e7\" data-element_type=\"column\">\n\t\t\t<div class=\"elementor-column-wrap elementor-element-populated\">\n\t\t\t\t\t\t\t<div class=\"elementor-widget-wrap\">\n\t\t\t\t\t\t<div class=\"elementor-element elementor-element-3f548ec elementor-widget elementor-widget-heading\" data-id=\"3f548ec\" data-element_type=\"widget\" data-widget_type=\"heading.default\">\n\t\t\t\t<div class=\"elementor-widget-container\">\n\t\t\t<h2 class=\"elementor-heading-title elementor-size-default\">Tellertag<\/h2>\t\t<\/div>\n\t\t\t\t<\/div>\n\t\t\t\t<div class=\"elementor-element elementor-element-a41ff54 elementor-widget elementor-widget-text-editor\" data-id=\"a41ff54\" data-element_type=\"widget\" data-widget_type=\"text-editor.default\">\n\t\t\t\t<div class=\"elementor-widget-container\">\n\t\t\t\t\t\t\t\t<div class=\"elementor-text-editor elementor-clearfix\">\n\t\t\t\tTellertag is designed as a special voice information label system for pharmacies. Depending on seasonal demand, covers top seller OTC products. While each label offers customers rich information about the products,\nIt offers a personalized experience with QR codes and voice narrations created specifically for you with the name of your pharmacy.\t\t\t\t\t<\/div>\n\t\t\t\t\t\t<\/div>\n\t\t\t\t<\/div>\n\t\t\t\t<div class=\"elementor-element elementor-element-0963a6e elementor-align-center elementor-widget elementor-widget-button\" data-id=\"0963a6e\" data-element_type=\"widget\" data-widget_type=\"button.default\">\n\t\t\t\t<div class=\"elementor-widget-container\">\n\t\t\t\t\t<div class=\"elementor-button-wrapper\">\n\t\t\t<a href=\"https:\/\/tellertag.com\/\" class=\"elementor-button-link elementor-button elementor-size-sm\" role=\"button\">\n\t\t\t\t\t\t<span class=\"elementor-button-content-wrapper\">\n\t\t\t\t\t\t<span class=\"elementor-button-text\">Visit Tellertag for Detailed Information<\/span>\n\t\t<\/span>\n\t\t\t\t\t<\/a>\n\t\t<\/div>\n\t\t\t\t<\/div>\n\t\t\t\t<\/div>\n\t\t\t\t\t\t<\/div>\n\t\t\t\t\t<\/div>\n\t\t<\/div>\n\t\t\t\t\t\t\t\t<\/div>\n\t\t\t\t\t<\/div>\n\t\t<\/section>\n\t\t\t\t\t\t<\/div>\n\t\t\t\t\t\t<\/div>\n\t\t\t\t\t<\/div>","protected":false},"excerpt":{"rendered":"<p>Tellertag Tellertag, eczanelere \u00f6zel sesli bilgi etiket sistemi olarak tasarlanm\u0131\u015ft\u0131r. Mevsimsel talebe g\u00f6re en \u00e7ok sat\u0131lan OTC \u00fcr\u00fcnlerini kapsar. Her etiket, m\u00fc\u015fterilere \u00fcr\u00fcnler hakk\u0131nda zengin bilgi sunarken, eczanenizin ismi ile size \u00f6zel olu\u015fturulan karekodlar ve sesli anlat\u0131mlar ile ki\u015fiselle\u015ftirilmi\u015f bir deneyim sunar. Detayl\u0131 Bilgi ve Sat\u0131n Almak \u0130\u00e7in Tellertag&#8217;i Ziyaret [&hellip;]<\/p>","protected":false},"author":1,"featured_media":0,"parent":0,"menu_order":0,"comment_status":"closed","ping_status":"closed","template":"","meta":{"inline_featured_image":false,"footnotes":""},"_links":{"self":[{"href":"https:\/\/akillifikirler.com\/en\/wp-json\/wp\/v2\/pages\/4938"}],"collection":[{"href":"https:\/\/akillifikirler.com\/en\/wp-json\/wp\/v2\/pages"}],"about":[{"href":"https:\/\/akillifikirler.com\/en\/wp-json\/wp\/v2\/types\/page"}],"author":[{"embeddable":true,"href":"https:\/\/akillifikirler.com\/en\/wp-json\/wp\/v2\/users\/1"}],"replies":[{"embeddable":true,"href":"https:\/\/akillifikirler.com\/en\/wp-json\/wp\/v2\/comments?post=4938"}],"version-history":[{"count":7,"href":"https:\/\/akillifikirler.com\/en\/wp-json\/wp\/v2\/pages\/4938\/revisions"}],"predecessor-version":[{"id":4952,"href":"https:\/\/akillifikirler.com\/en\/wp-json\/wp\/v2\/pages\/4938\/revisions\/4952"}],"wp:attachment":[{"href":"https:\/\/akillifikirler.com\/en\/wp-json\/wp\/v2\/media?parent=4938"}],"curies":[{"name":"wp","href":"https:\/\/api.w.org\/{rel}","templated":true}]}}