{"id":4881,"date":"2024-05-31T14:08:04","date_gmt":"2024-05-31T14:08:04","guid":{"rendered":"https:\/\/akillifikirler.com\/?page_id=4881"},"modified":"2024-09-18T13:14:13","modified_gmt":"2024-09-18T13:14:13","slug":"memnuniyet-anketi","status":"publish","type":"page","link":"https:\/\/akillifikirler.com\/en\/memnuniyet-anketi\/","title":{"rendered":"Memnuniyet Anketi"},"content":{"rendered":"<div data-elementor-type=\"wp-page\" data-elementor-id=\"4881\" class=\"elementor elementor-4881\" data-elementor-settings=\"[]\">\n\t\t\t\t\t\t<div class=\"elementor-inner\">\n\t\t\t\t\t\t\t<div class=\"elementor-section-wrap\">\n\t\t\t\t\t\t\t<section class=\"elementor-section elementor-top-section elementor-element elementor-element-b95411a elementor-section-full_width elementor-section-height-default elementor-section-height-default\" data-id=\"b95411a\" data-element_type=\"section\">\n\t\t\t\t\t\t<div class=\"elementor-container elementor-column-gap-default\">\n\t\t\t\t\t\t\t<div class=\"elementor-row\">\n\t\t\t\t\t<div class=\"elementor-column elementor-col-33 elementor-top-column elementor-element elementor-element-f2d35fb\" data-id=\"f2d35fb\" data-element_type=\"column\">\n\t\t\t<div class=\"elementor-column-wrap elementor-element-populated\">\n\t\t\t\t\t\t\t<div class=\"elementor-widget-wrap\">\n\t\t\t\t\t\t<div class=\"elementor-element elementor-element-363cd41 elementor-widget elementor-widget-image\" data-id=\"363cd41\" data-element_type=\"widget\" data-widget_type=\"image.default\">\n\t\t\t\t<div class=\"elementor-widget-container\">\n\t\t\t\t\t\t\t\t<div class=\"elementor-image\">\n\t\t\t\t\t\t\t\t\t\t\t\t<img loading=\"lazy\" decoding=\"async\" width=\"343\" height=\"341\" src=\"https:\/\/akillifikirler.com\/wp-content\/uploads\/2024\/05\/yuvarlak.png\" class=\"attachment-large size-large\" alt=\"\" srcset=\"https:\/\/akillifikirler.com\/wp-content\/uploads\/2024\/05\/yuvarlak.png 343w, https:\/\/akillifikirler.com\/wp-content\/uploads\/2024\/05\/yuvarlak-300x298.png 300w, https:\/\/akillifikirler.com\/wp-content\/uploads\/2024\/05\/yuvarlak-150x150.png 150w, https:\/\/akillifikirler.com\/wp-content\/uploads\/2024\/05\/yuvarlak-12x12.png 12w, https:\/\/akillifikirler.com\/wp-content\/uploads\/2024\/05\/yuvarlak-90x90.png 90w\" sizes=\"(max-width: 343px) 100vw, 343px\" \/>\t\t\t\t\t\t\t\t\t\t\t\t\t\t<\/div>\n\t\t\t\t\t\t<\/div>\n\t\t\t\t<\/div>\n\t\t\t\t\t\t<\/div>\n\t\t\t\t\t<\/div>\n\t\t<\/div>\n\t\t\t\t<div class=\"elementor-column elementor-col-66 elementor-top-column elementor-element elementor-element-1addbaa\" data-id=\"1addbaa\" data-element_type=\"column\">\n\t\t\t<div class=\"elementor-column-wrap elementor-element-populated\">\n\t\t\t\t\t\t\t<div class=\"elementor-widget-wrap\">\n\t\t\t\t\t\t<div class=\"elementor-element elementor-element-8eb5c7b elementor-widget elementor-widget-heading\" data-id=\"8eb5c7b\" data-element_type=\"widget\" data-widget_type=\"heading.default\">\n\t\t\t\t<div class=\"elementor-widget-container\">\n\t\t\t<h2 class=\"elementor-heading-title elementor-size-default\">What is Tellertag<\/h2>\t\t<\/div>\n\t\t\t\t<\/div>\n\t\t\t\t<div class=\"elementor-element elementor-element-2874360 elementor-widget elementor-widget-text-editor\" data-id=\"2874360\" data-element_type=\"widget\" data-widget_type=\"text-editor.default\">\n\t\t\t\t<div class=\"elementor-widget-container\">\n\t\t\t\t\t\t\t\t<div class=\"elementor-text-editor elementor-clearfix\">\n\t\t\t\t<p class=\" translation-block\">Customer Satisfaction Survey is a feedback and monitoring system specially designed for pharmacies.<br>This system offers your customers the opportunity to evaluate your service quality and take action based on the feedback.<br>Each customer is tagged with a QR code. Using the stands,<br>you can rate the personnel they receive service from and add comments if necessary.<\/p>\t\t\t\t\t<\/div>\n\t\t\t\t\t\t<\/div>\n\t\t\t\t<\/div>\n\t\t\t\t<div class=\"elementor-element elementor-element-5fe6c37 elementor-widget elementor-widget-heading\" data-id=\"5fe6c37\" data-element_type=\"widget\" data-widget_type=\"heading.default\">\n\t\t\t\t<div class=\"elementor-widget-container\">\n\t\t\t<h2 class=\"elementor-heading-title elementor-size-default\">Features<\/h2>\t\t<\/div>\n\t\t\t\t<\/div>\n\t\t\t\t<div class=\"elementor-element elementor-element-a1add6a elementor-widget elementor-widget-text-editor\" data-id=\"a1add6a\" data-element_type=\"widget\" data-widget_type=\"text-editor.default\">\n\t\t\t\t<div class=\"elementor-widget-container\">\n\t\t\t\t\t\t\t\t<div class=\"elementor-text-editor elementor-clearfix\">\n\t\t\t\t<p class=\" translation-block\">Customer Satisfaction Survey QR codes are special stands designed to increase service quality. Each QR code has a user-friendly<br>interface.<br>\u00a0 \u00a0 \u00a0 \u00a0 \u00a0 \u00a0 \u00a0 \u00a0 \u00a0 \u00a0 \u00a0 \u00a0 \u00a0 \u00a0 \u00a0 \u00a0 \u00a0 \u00a0 \u00a0 \u00a0 \u00a0 \u00a0 \u00a0 \u00a0 \u00a0 \u00a0 \u00a0 \u00a0 \u00a0 \u00a0 \u00a0 \u00a0 \u00a0 \u00a0 \u00a0 \u00a0 \u00a0 \u00a0 \u00a0 \u00a0 \u00a0 \u00a0 \u00a0 \u00a0 \u00a0 \u00a0 \u00a0 \u00a0 \u00a0 \u00a0 \u00a0 \u00a0 Our survey and feedback system offers customers multi-language<br>options and personalized links.<br>So your customers can fill out surveys and return in their preferred language<br> They can make a notification<\/p>\t\t\t\t\t<\/div>\n\t\t\t\t\t\t<\/div>\n\t\t\t\t<\/div>\n\t\t\t\t\t\t<\/div>\n\t\t\t\t\t<\/div>\n\t\t<\/div>\n\t\t\t\t\t\t\t\t<\/div>\n\t\t\t\t\t<\/div>\n\t\t<\/section>\n\t\t\t\t<section class=\"elementor-section elementor-top-section elementor-element elementor-element-6296e30 elementor-section-full_width elementor-section-height-default elementor-section-height-default\" data-id=\"6296e30\" data-element_type=\"section\">\n\t\t\t\t\t\t<div class=\"elementor-container elementor-column-gap-default\">\n\t\t\t\t\t\t\t<div class=\"elementor-row\">\n\t\t\t\t\t<div class=\"elementor-column elementor-col-33 elementor-top-column elementor-element elementor-element-63620d8\" data-id=\"63620d8\" data-element_type=\"column\">\n\t\t\t<div class=\"elementor-column-wrap elementor-element-populated\">\n\t\t\t\t\t\t\t<div class=\"elementor-widget-wrap\">\n\t\t\t\t\t\t<div class=\"elementor-element elementor-element-9a7679d elementor-widget elementor-widget-image\" data-id=\"9a7679d\" data-element_type=\"widget\" data-widget_type=\"image.default\">\n\t\t\t\t<div class=\"elementor-widget-container\">\n\t\t\t\t\t\t\t\t<div class=\"elementor-image\">\n\t\t\t\t\t\t\t\t\t\t\t\t<img loading=\"lazy\" decoding=\"async\" width=\"544\" height=\"1024\" src=\"https:\/\/akillifikirler.com\/wp-content\/uploads\/2024\/05\/anket00001-544x1024.jpg\" class=\"attachment-large size-large\" alt=\"\" srcset=\"https:\/\/akillifikirler.com\/wp-content\/uploads\/2024\/05\/anket00001-544x1024.jpg 544w, https:\/\/akillifikirler.com\/wp-content\/uploads\/2024\/05\/anket00001-159x300.jpg 159w, https:\/\/akillifikirler.com\/wp-content\/uploads\/2024\/05\/anket00001-6x12.jpg 6w, https:\/\/akillifikirler.com\/wp-content\/uploads\/2024\/05\/anket00001.jpg 665w\" sizes=\"(max-width: 544px) 100vw, 544px\" \/>\t\t\t\t\t\t\t\t\t\t\t\t\t\t<\/div>\n\t\t\t\t\t\t<\/div>\n\t\t\t\t<\/div>\n\t\t\t\t\t\t<\/div>\n\t\t\t\t\t<\/div>\n\t\t<\/div>\n\t\t\t\t<div class=\"elementor-column elementor-col-33 elementor-top-column elementor-element elementor-element-833c630\" data-id=\"833c630\" data-element_type=\"column\">\n\t\t\t<div class=\"elementor-column-wrap elementor-element-populated\">\n\t\t\t\t\t\t\t<div class=\"elementor-widget-wrap\">\n\t\t\t\t\t\t<div class=\"elementor-element elementor-element-f78f8cb elementor-widget elementor-widget-image\" data-id=\"f78f8cb\" data-element_type=\"widget\" data-widget_type=\"image.default\">\n\t\t\t\t<div class=\"elementor-widget-container\">\n\t\t\t\t\t\t\t\t<div class=\"elementor-image\">\n\t\t\t\t\t\t\t\t\t\t\t\t<img loading=\"lazy\" decoding=\"async\" width=\"537\" height=\"1024\" src=\"https:\/\/akillifikirler.com\/wp-content\/uploads\/2024\/05\/anket000002-537x1024.png\" class=\"attachment-large size-large\" alt=\"\" srcset=\"https:\/\/akillifikirler.com\/wp-content\/uploads\/2024\/05\/anket000002-537x1024.png 537w, https:\/\/akillifikirler.com\/wp-content\/uploads\/2024\/05\/anket000002-157x300.png 157w, https:\/\/akillifikirler.com\/wp-content\/uploads\/2024\/05\/anket000002-6x12.png 6w, https:\/\/akillifikirler.com\/wp-content\/uploads\/2024\/05\/anket000002.png 757w\" sizes=\"(max-width: 537px) 100vw, 537px\" \/>\t\t\t\t\t\t\t\t\t\t\t\t\t\t<\/div>\n\t\t\t\t\t\t<\/div>\n\t\t\t\t<\/div>\n\t\t\t\t\t\t<\/div>\n\t\t\t\t\t<\/div>\n\t\t<\/div>\n\t\t\t\t<div class=\"elementor-column elementor-col-33 elementor-top-column elementor-element elementor-element-edec1e1\" data-id=\"edec1e1\" data-element_type=\"column\">\n\t\t\t<div class=\"elementor-column-wrap elementor-element-populated\">\n\t\t\t\t\t\t\t<div class=\"elementor-widget-wrap\">\n\t\t\t\t\t\t<div class=\"elementor-element elementor-element-25ad276 elementor-widget elementor-widget-image\" data-id=\"25ad276\" data-element_type=\"widget\" data-widget_type=\"image.default\">\n\t\t\t\t<div class=\"elementor-widget-container\">\n\t\t\t\t\t\t\t\t<div class=\"elementor-image\">\n\t\t\t\t\t\t\t\t\t\t\t\t<img loading=\"lazy\" decoding=\"async\" width=\"537\" height=\"1024\" src=\"https:\/\/akillifikirler.com\/wp-content\/uploads\/2024\/05\/anket000003-537x1024.png\" class=\"attachment-large size-large\" alt=\"\" srcset=\"https:\/\/akillifikirler.com\/wp-content\/uploads\/2024\/05\/anket000003-537x1024.png 537w, https:\/\/akillifikirler.com\/wp-content\/uploads\/2024\/05\/anket000003-157x300.png 157w, https:\/\/akillifikirler.com\/wp-content\/uploads\/2024\/05\/anket000003-6x12.png 6w, https:\/\/akillifikirler.com\/wp-content\/uploads\/2024\/05\/anket000003.png 757w\" sizes=\"(max-width: 537px) 100vw, 537px\" \/>\t\t\t\t\t\t\t\t\t\t\t\t\t\t<\/div>\n\t\t\t\t\t\t<\/div>\n\t\t\t\t<\/div>\n\t\t\t\t\t\t<\/div>\n\t\t\t\t\t<\/div>\n\t\t<\/div>\n\t\t\t\t\t\t\t\t<\/div>\n\t\t\t\t\t<\/div>\n\t\t<\/section>\n\t\t\t\t<section class=\"elementor-section elementor-top-section elementor-element elementor-element-d9a136c elementor-section-full_width elementor-section-height-default elementor-section-height-default\" data-id=\"d9a136c\" data-element_type=\"section\">\n\t\t\t\t\t\t<div class=\"elementor-container elementor-column-gap-default\">\n\t\t\t\t\t\t\t<div class=\"elementor-row\">\n\t\t\t\t\t<div class=\"elementor-column elementor-col-100 elementor-top-column elementor-element elementor-element-8936b79\" data-id=\"8936b79\" data-element_type=\"column\">\n\t\t\t<div class=\"elementor-column-wrap elementor-element-populated\">\n\t\t\t\t\t\t\t<div class=\"elementor-widget-wrap\">\n\t\t\t\t\t\t<div class=\"elementor-element elementor-element-a67b20d elementor-widget elementor-widget-heading\" data-id=\"a67b20d\" data-element_type=\"widget\" data-widget_type=\"heading.default\">\n\t\t\t\t<div class=\"elementor-widget-container\">\n\t\t\t<h2 class=\"elementor-heading-title elementor-size-default\">Survey Operations and Personnel Monitoring<\/h2>\t\t<\/div>\n\t\t\t\t<\/div>\n\t\t\t\t<div class=\"elementor-element elementor-element-9e7f904 elementor-widget elementor-widget-text-editor\" data-id=\"9e7f904\" data-element_type=\"widget\" data-widget_type=\"text-editor.default\">\n\t\t\t\t<div class=\"elementor-widget-container\">\n\t\t\t\t\t\t\t\t<div class=\"elementor-text-editor elementor-clearfix\">\n\t\t\t\tPharmacy owners can instantly monitor customer feedback and evaluate staff performance.\nFeedback received via the Dashboard can be analyzed and necessary steps can be taken to improve service quality.\t\t\t\t\t<\/div>\n\t\t\t\t\t\t<\/div>\n\t\t\t\t<\/div>\n\t\t\t\t<div class=\"elementor-element elementor-element-bbf2dee elementor-widget elementor-widget-heading\" data-id=\"bbf2dee\" data-element_type=\"widget\" data-widget_type=\"heading.default\">\n\t\t\t\t<div class=\"elementor-widget-container\">\n\t\t\t<h2 class=\"elementor-heading-title elementor-size-default\">Customer Communication and Feedback<\/h2>\t\t<\/div>\n\t\t\t\t<\/div>\n\t\t\t\t<div class=\"elementor-element elementor-element-99382fe elementor-widget elementor-widget-text-editor\" data-id=\"99382fe\" data-element_type=\"widget\" data-widget_type=\"text-editor.default\">\n\t\t\t\t<div class=\"elementor-widget-container\">\n\t\t\t\t\t\t\t\t<div class=\"elementor-text-editor elementor-clearfix\">\n\t\t\t\t The Customer Satisfaction Survey system is designed to increase interaction with customers. Back after survey\nThanks to the notification feature, you can easily communicate with your customers.\t\t\t\t\t<\/div>\n\t\t\t\t\t\t<\/div>\n\t\t\t\t<\/div>\n\t\t\t\t\t\t<\/div>\n\t\t\t\t\t<\/div>\n\t\t<\/div>\n\t\t\t\t\t\t\t\t<\/div>\n\t\t\t\t\t<\/div>\n\t\t<\/section>\n\t\t\t\t<section class=\"elementor-section elementor-top-section elementor-element elementor-element-ac8d6c6 elementor-section-full_width elementor-section-height-default elementor-section-height-default\" data-id=\"ac8d6c6\" data-element_type=\"section\">\n\t\t\t\t\t\t<div class=\"elementor-container elementor-column-gap-default\">\n\t\t\t\t\t\t\t<div class=\"elementor-row\">\n\t\t\t\t\t<div class=\"elementor-column elementor-col-33 elementor-top-column elementor-element elementor-element-f13477d\" data-id=\"f13477d\" data-element_type=\"column\">\n\t\t\t<div class=\"elementor-column-wrap\">\n\t\t\t\t\t\t\t<div class=\"elementor-widget-wrap\">\n\t\t\t\t\t\t\t\t<\/div>\n\t\t\t\t\t<\/div>\n\t\t<\/div>\n\t\t\t\t<div class=\"elementor-column elementor-col-33 elementor-top-column elementor-element elementor-element-4da2502\" data-id=\"4da2502\" data-element_type=\"column\">\n\t\t\t<div class=\"elementor-column-wrap elementor-element-populated\">\n\t\t\t\t\t\t\t<div class=\"elementor-widget-wrap\">\n\t\t\t\t\t\t<div class=\"elementor-element elementor-element-8fe554d elementor-widget elementor-widget-image\" data-id=\"8fe554d\" data-element_type=\"widget\" data-widget_type=\"image.default\">\n\t\t\t\t<div class=\"elementor-widget-container\">\n\t\t\t\t\t\t\t\t<div class=\"elementor-image\">\n\t\t\t\t\t\t\t\t\t\t\t\t<img loading=\"lazy\" decoding=\"async\" width=\"664\" height=\"1024\" src=\"https:\/\/akillifikirler.com\/wp-content\/uploads\/2024\/09\/AF_M_Anketi-664x1024-1.png\" class=\"attachment-medium_large size-medium_large\" alt=\"\" srcset=\"https:\/\/akillifikirler.com\/wp-content\/uploads\/2024\/09\/AF_M_Anketi-664x1024-1.png 664w, https:\/\/akillifikirler.com\/wp-content\/uploads\/2024\/09\/AF_M_Anketi-664x1024-1-195x300.png 195w, https:\/\/akillifikirler.com\/wp-content\/uploads\/2024\/09\/AF_M_Anketi-664x1024-1-8x12.png 8w, https:\/\/akillifikirler.com\/wp-content\/uploads\/2024\/09\/AF_M_Anketi-664x1024-1-600x925.png 600w\" sizes=\"(max-width: 664px) 100vw, 664px\" \/>\t\t\t\t\t\t\t\t\t\t\t\t\t\t<\/div>\n\t\t\t\t\t\t<\/div>\n\t\t\t\t<\/div>\n\t\t\t\t<div class=\"elementor-element elementor-element-2e3a0d5 elementor-widget elementor-widget-heading\" data-id=\"2e3a0d5\" data-element_type=\"widget\" data-widget_type=\"heading.default\">\n\t\t\t\t<div class=\"elementor-widget-container\">\n\t\t\t<h6 class=\"elementor-heading-title elementor-size-default\">You can test our sample system by scanning the QR Code.<\/h6>\t\t<\/div>\n\t\t\t\t<\/div>\n\t\t\t\t<div class=\"elementor-element elementor-element-89d19ff elementor-align-center elementor-widget elementor-widget-button\" data-id=\"89d19ff\" data-element_type=\"widget\" data-widget_type=\"button.default\">\n\t\t\t\t<div class=\"elementor-widget-container\">\n\t\t\t\t\t<div class=\"elementor-button-wrapper\">\n\t\t\t<a href=\"https:\/\/tellertag.com\/product\/tellertag-musteri-memnuiyet-anketi\/\" class=\"elementor-button-link elementor-button elementor-size-lg\" role=\"button\">\n\t\t\t\t\t\t<span class=\"elementor-button-content-wrapper\">\n\t\t\t\t\t\t<span class=\"elementor-button-text\">CLICK TO BUY<\/span>\n\t\t<\/span>\n\t\t\t\t\t<\/a>\n\t\t<\/div>\n\t\t\t\t<\/div>\n\t\t\t\t<\/div>\n\t\t\t\t\t\t<\/div>\n\t\t\t\t\t<\/div>\n\t\t<\/div>\n\t\t\t\t<div class=\"elementor-column elementor-col-33 elementor-top-column elementor-element elementor-element-eecdc2a\" data-id=\"eecdc2a\" data-element_type=\"column\">\n\t\t\t<div class=\"elementor-column-wrap\">\n\t\t\t\t\t\t\t<div class=\"elementor-widget-wrap\">\n\t\t\t\t\t\t\t\t<\/div>\n\t\t\t\t\t<\/div>\n\t\t<\/div>\n\t\t\t\t\t\t\t\t<\/div>\n\t\t\t\t\t<\/div>\n\t\t<\/section>\n\t\t\t\t\t\t<\/div>\n\t\t\t\t\t\t<\/div>\n\t\t\t\t\t<\/div>","protected":false},"excerpt":{"rendered":"<p>Nedir ? M\u00fc\u015fteri Memnuniyet Anketi, eczaneler i\u00e7in \u00f6zel olaraktasarlanm\u0131\u015f bir geri bildirim ve izleme sistemidir.Bu sistem, m\u00fc\u015fterilerinize hizmet kalitenizi de\u011ferlendirmeve geri bildirimlere g\u00f6re aksiyon alma imkan\u0131 sunar.Her bir m\u00fc\u015fteri, karekod etiketli standlar\u0131 kullanarakhizmet ald\u0131klar\u0131 personeli puanlayabilir ve gerekirseyorum ekleyebilir \u00d6zellikleri M\u00fc\u015fteri Memnuniyet Anketi karekodlar\u0131 hizmet kalitesini art\u0131rmaki\u00e7in tasarlanm\u0131\u015f \u00f6zel standlard\u0131r. [&hellip;]<\/p>","protected":false},"author":1,"featured_media":0,"parent":0,"menu_order":0,"comment_status":"closed","ping_status":"closed","template":"","meta":{"inline_featured_image":false,"footnotes":""},"_links":{"self":[{"href":"https:\/\/akillifikirler.com\/en\/wp-json\/wp\/v2\/pages\/4881"}],"collection":[{"href":"https:\/\/akillifikirler.com\/en\/wp-json\/wp\/v2\/pages"}],"about":[{"href":"https:\/\/akillifikirler.com\/en\/wp-json\/wp\/v2\/types\/page"}],"author":[{"embeddable":true,"href":"https:\/\/akillifikirler.com\/en\/wp-json\/wp\/v2\/users\/1"}],"replies":[{"embeddable":true,"href":"https:\/\/akillifikirler.com\/en\/wp-json\/wp\/v2\/comments?post=4881"}],"version-history":[{"count":43,"href":"https:\/\/akillifikirler.com\/en\/wp-json\/wp\/v2\/pages\/4881\/revisions"}],"predecessor-version":[{"id":5088,"href":"https:\/\/akillifikirler.com\/en\/wp-json\/wp\/v2\/pages\/4881\/revisions\/5088"}],"wp:attachment":[{"href":"https:\/\/akillifikirler.com\/en\/wp-json\/wp\/v2\/media?parent=4881"}],"curies":[{"name":"wp","href":"https:\/\/api.w.org\/{rel}","templated":true}]}}