{"id":3567,"date":"2022-09-03T12:03:41","date_gmt":"2022-09-03T12:03:41","guid":{"rendered":"https:\/\/akillifikirler.com\/?page_id=3567"},"modified":"2022-10-19T10:50:14","modified_gmt":"2022-10-19T10:50:14","slug":"qr-code","status":"publish","type":"page","link":"https:\/\/akillifikirler.com\/en\/qr-code\/","title":{"rendered":"Qr Code"},"content":{"rendered":"<div data-elementor-type=\"wp-page\" data-elementor-id=\"3567\" class=\"elementor elementor-3567\" data-elementor-settings=\"[]\">\n\t\t\t\t\t\t<div class=\"elementor-inner\">\n\t\t\t\t\t\t\t<div class=\"elementor-section-wrap\">\n\t\t\t\t\t\t\t<section class=\"elementor-section elementor-top-section elementor-element elementor-element-a2346c7 elementor-section-full_width elementor-section-height-default elementor-section-height-default\" data-id=\"a2346c7\" data-element_type=\"section\">\n\t\t\t\t\t\t<div class=\"elementor-container elementor-column-gap-default\">\n\t\t\t\t\t\t\t<div class=\"elementor-row\">\n\t\t\t\t\t<div class=\"elementor-column elementor-col-25 elementor-top-column elementor-element elementor-element-214f48c\" data-id=\"214f48c\" data-element_type=\"column\">\n\t\t\t<div class=\"elementor-column-wrap elementor-element-populated\">\n\t\t\t\t\t\t\t<div class=\"elementor-widget-wrap\">\n\t\t\t\t\t\t<div class=\"elementor-element elementor-element-be477e7 elementor-widget elementor-widget-htqrcode-addons\" data-id=\"be477e7\" data-element_type=\"widget\" data-widget_type=\"htqrcode-addons.default\">\n\t\t\t\t<div class=\"elementor-widget-container\">\n\t\t\t        <div class=\"ht_qrcode\" style=\"text-align: center\">\r\n            <div id=\"print-69e01de65d6c5\" class=\"ht_qrcode-69e01de65d6c5\"><\/div>\r\n\r\n                            <a class=\"htqr-btn htqr-btn-print\" href=\"javascript:printDiv('print-69e01de65d6c5')\">Print QR Code<\/a>\r\n                                        <a href=\"#\" class=\"qrcode-download htqr-btn htqr-btn-download\" data-target=\".ht_qrcode-69e01de65d6c5 \">Download<\/a>\r\n                    <\/div>\r\n\r\n        <script type=\"text\/javascript\">\r\n            jQuery(document).ready(function($) {\r\n                'use strict';\r\n\r\n                new QRCode(document.querySelector(\".ht_qrcode-69e01de65d6c5\"),{\r\n                    text: \"BEGIN:VCARD\\nVERSION:3.0\\nN:Bilge Hala\u00e7o\u011flu\\nORG:Smart Ideas Yaz\u0131l\u0131m Medya Dan\u0131\u015fmanl\u0131k\\nTITLE:Business Development Manager \\nTEL:+905332158053\\nTEL:+902122755406\\nURL:www.akillifikirler.com\\nEMAIL:bilge@akillifikirler.com\\nADR:Esentepe Mh. Kasap Sk. Eser \u0130\u015f Merkezi C Blok No:20\/25 34394 \u015ei\u015fli \/\u0130stanbul\\nNOTE:\\nEND:VCARD\",\r\n                    width: 300,\r\n                    height: 300,\r\n                    dotScale: 1,\r\n                    correctLevel: QRCode.CorrectLevel.L,\r\n                    logo: \"\",\r\n                    logoWidth: 100, \r\n                    logoHeight: 100, \r\n                    logoBackgroundColor: \"\",\r\n                    logoBackgroundTransparent: true,\r\n                    backgroundImage: \"\",\r\n                    backgroundImageAlpha: 1,\r\n                    autoColor: false, \r\n                    colorDark: \"#000000\",\r\n                    colorLight: \"#ffffff\",\r\n                    PO: \"\",\r\n                    PI: \"\",\r\n                    PO_TL:\"\",\r\n                    PI_TL: \"\",\r\n                    PO_TR: \"\",\r\n                    PI_TR: \"\",\r\n                    PO_BL:\"\",\r\n                    PI_BL: \"\",\r\n                    AI: \"\",\r\n                    AO: \"\",\r\n                    timing: \"\",\r\n                    timing_H: \"\",\r\n                    timing_V: \"\",\r\n                    quietZone: 0,\r\n                    quietZoneColor: \"#FFFFFF\",  \r\n                }\r\n            );\r\n            });\r\n        <\/script>\r\n    \r\n\t\t<\/div>\n\t\t\t\t<\/div>\n\t\t\t\t\t\t<\/div>\n\t\t\t\t\t<\/div>\n\t\t<\/div>\n\t\t\t\t<div class=\"elementor-column elementor-col-25 elementor-top-column elementor-element elementor-element-ee0716d\" data-id=\"ee0716d\" data-element_type=\"column\">\n\t\t\t<div class=\"elementor-column-wrap elementor-element-populated\">\n\t\t\t\t\t\t\t<div class=\"elementor-widget-wrap\">\n\t\t\t\t\t\t<div class=\"elementor-element elementor-element-1aae9d0 elementor-widget elementor-widget-htqrcode-addons\" data-id=\"1aae9d0\" data-element_type=\"widget\" data-widget_type=\"htqrcode-addons.default\">\n\t\t\t\t<div class=\"elementor-widget-container\">\n\t\t\t        <div class=\"ht_qrcode\" style=\"text-align: center\">\r\n            <div id=\"print-69e01de65f43c\" class=\"ht_qrcode-69e01de65f43c\"><\/div>\r\n\r\n                            <a class=\"htqr-btn htqr-btn-print\" href=\"javascript:printDiv('print-69e01de65f43c')\">Print QR Code<\/a>\r\n                                        <a href=\"#\" class=\"qrcode-download htqr-btn htqr-btn-download\" data-target=\".ht_qrcode-69e01de65f43c \">Download<\/a>\r\n                    <\/div>\r\n\r\n        <script type=\"text\/javascript\">\r\n            jQuery(document).ready(function($) {\r\n                'use strict';\r\n\r\n                new QRCode(document.querySelector(\".ht_qrcode-69e01de65f43c\"),{\r\n                    text: \"BEGIN:VCARD\\nVERSION:3.0\\nN:Sinem G\u00f6n\u00fclta\u015f\\nORG:Smart Ideas Yaz\u0131l\u0131m Medya Dan\u0131\u015fmanl\u0131k\\nTITLE:Project Manager\\nTEL:+905417199060\\nTEL:+902122755406\\nURL:www.akillifikirler.com\\nEMAIL:sinem@akillifikirler.com\\nADR:Esentepe Mh. Kasap Sk. Eser \u0130\u015f Merkezi C Blok No:20\/25 34394 \u015ei\u015fli \/\u0130stanbul\\nNOTE:\\nEND:VCARD\",\r\n                    width: 300,\r\n                    height: 300,\r\n                    dotScale: 1,\r\n                    correctLevel: QRCode.CorrectLevel.L,\r\n                    logo: \"\",\r\n                    logoWidth: 100, \r\n                    logoHeight: 100, \r\n                    logoBackgroundColor: \"\",\r\n                    logoBackgroundTransparent: true,\r\n                    backgroundImage: \"\",\r\n                    backgroundImageAlpha: 1,\r\n                    autoColor: false, \r\n                    colorDark: \"#000000\",\r\n                    colorLight: \"#ffffff\",\r\n                    PO: \"\",\r\n                    PI: \"\",\r\n                    PO_TL:\"\",\r\n                    PI_TL: \"\",\r\n                    PO_TR: \"\",\r\n                    PI_TR: \"\",\r\n                    PO_BL:\"\",\r\n                    PI_BL: \"\",\r\n                    AI: \"\",\r\n                    AO: \"\",\r\n                    timing: \"\",\r\n                    timing_H: \"\",\r\n                    timing_V: \"\",\r\n                    quietZone: 0,\r\n                    quietZoneColor: \"#FFFFFF\",  \r\n                }\r\n            );\r\n            });\r\n        <\/script>\r\n    \r\n\t\t<\/div>\n\t\t\t\t<\/div>\n\t\t\t\t\t\t<\/div>\n\t\t\t\t\t<\/div>\n\t\t<\/div>\n\t\t\t\t<div class=\"elementor-column elementor-col-25 elementor-top-column elementor-element elementor-element-32766bf\" data-id=\"32766bf\" data-element_type=\"column\">\n\t\t\t<div class=\"elementor-column-wrap elementor-element-populated\">\n\t\t\t\t\t\t\t<div class=\"elementor-widget-wrap\">\n\t\t\t\t\t\t<div class=\"elementor-element elementor-element-53b3fd1 elementor-widget elementor-widget-htqrcode-addons\" data-id=\"53b3fd1\" data-element_type=\"widget\" data-widget_type=\"htqrcode-addons.default\">\n\t\t\t\t<div class=\"elementor-widget-container\">\n\t\t\t        <div class=\"ht_qrcode\" style=\"text-align: center\">\r\n            <div id=\"print-69e01de66007e\" class=\"ht_qrcode-69e01de66007e\"><\/div>\r\n\r\n                            <a class=\"htqr-btn htqr-btn-print\" href=\"javascript:printDiv('print-69e01de66007e')\">Print QR Code<\/a>\r\n                                        <a href=\"#\" class=\"qrcode-download htqr-btn htqr-btn-download\" data-target=\".ht_qrcode-69e01de66007e \">Download<\/a>\r\n                    <\/div>\r\n\r\n        <script type=\"text\/javascript\">\r\n            jQuery(document).ready(function($) {\r\n                'use strict';\r\n\r\n                new QRCode(document.querySelector(\".ht_qrcode-69e01de66007e\"),{\r\n                    text: \"BEGIN:VCARD\\nVERSION:3.0\\nN:Cemil Ahlatc\u0131\\nORG:Smart Ideas Yaz\u0131l\u0131m Medya Dan\u0131\u015fmanl\u0131k\\nTITLE:Software Engineer\\nTEL:+905078301730\\nTEL:+902122755406\\nURL:www.akillifikirler.com\\nEMAIL:cemil@akillifikirler.com\\nADR:Esentepe Mh. Kasap Sk. Eser \u0130\u015f Merkezi C Blok No:20\/25 34394 \u015ei\u015fli \/\u0130stanbul\\nNOTE:\\nEND:VCARD\",\r\n                    width: 300,\r\n                    height: 300,\r\n                    dotScale: 1,\r\n                    correctLevel: QRCode.CorrectLevel.L,\r\n                    logo: \"\",\r\n                    logoWidth: 100, \r\n                    logoHeight: 100, \r\n                    logoBackgroundColor: \"\",\r\n                    logoBackgroundTransparent: true,\r\n                    backgroundImage: \"\",\r\n                    backgroundImageAlpha: 1,\r\n                    autoColor: false, \r\n                    colorDark: \"#000000\",\r\n                    colorLight: \"#ffffff\",\r\n                    PO: \"\",\r\n                    PI: \"\",\r\n                    PO_TL:\"\",\r\n                    PI_TL: \"\",\r\n                    PO_TR: \"\",\r\n                    PI_TR: \"\",\r\n                    PO_BL:\"\",\r\n                    PI_BL: \"\",\r\n                    AI: \"\",\r\n                    AO: \"\",\r\n                    timing: \"\",\r\n                    timing_H: \"\",\r\n                    timing_V: \"\",\r\n                    quietZone: 0,\r\n                    quietZoneColor: \"#FFFFFF\",  \r\n                }\r\n            );\r\n            });\r\n        <\/script>\r\n    \r\n\t\t<\/div>\n\t\t\t\t<\/div>\n\t\t\t\t\t\t<\/div>\n\t\t\t\t\t<\/div>\n\t\t<\/div>\n\t\t\t\t<div class=\"elementor-column elementor-col-25 elementor-top-column elementor-element elementor-element-ac6bbae\" data-id=\"ac6bbae\" data-element_type=\"column\">\n\t\t\t<div class=\"elementor-column-wrap elementor-element-populated\">\n\t\t\t\t\t\t\t<div class=\"elementor-widget-wrap\">\n\t\t\t\t\t\t<div class=\"elementor-element elementor-element-27d5a01 elementor-widget elementor-widget-htqrcode-addons\" data-id=\"27d5a01\" data-element_type=\"widget\" data-widget_type=\"htqrcode-addons.default\">\n\t\t\t\t<div class=\"elementor-widget-container\">\n\t\t\t        <div class=\"ht_qrcode\" style=\"text-align: center\">\r\n            <div id=\"print-69e01de660cc2\" class=\"ht_qrcode-69e01de660cc2\"><\/div>\r\n\r\n                            <a class=\"htqr-btn htqr-btn-print\" href=\"javascript:printDiv('print-69e01de660cc2')\">Print QR Code<\/a>\r\n                                        <a href=\"#\" class=\"qrcode-download htqr-btn htqr-btn-download\" data-target=\".ht_qrcode-69e01de660cc2 \">Download<\/a>\r\n                    <\/div>\r\n\r\n        <script type=\"text\/javascript\">\r\n            jQuery(document).ready(function($) {\r\n                'use strict';\r\n\r\n                new QRCode(document.querySelector(\".ht_qrcode-69e01de660cc2\"),{\r\n                    text: \"BEGIN:VCARD\\nVERSION:3.0\\nN:Semanur Kendigelen\\nORG:Smart Ideas Yaz\u0131l\u0131m Medya Dan\u0131\u015fmanl\u0131k\\nTITLE:Sales Consultant\\nTEL:+905531916431\\nTEL:+902122755406\\nURL:www.akillifikirler.com\\nEMAIL:sema@akillifikirler.com\\nADR:Esentepe Mh. Kasap Sk. Eser \u0130\u015f Merkezi C Blok No:20\/25 34394 \u015ei\u015fli \/\u0130stanbul\\nNOTE:\\nEND:VCARD\",\r\n                    width: 300,\r\n                    height: 300,\r\n                    dotScale: 1,\r\n                    correctLevel: QRCode.CorrectLevel.L,\r\n                    logo: \"\",\r\n                    logoWidth: 100, \r\n                    logoHeight: 100, \r\n                    logoBackgroundColor: \"\",\r\n                    logoBackgroundTransparent: true,\r\n                    backgroundImage: \"\",\r\n                    backgroundImageAlpha: 1,\r\n                    autoColor: false, \r\n                    colorDark: \"#000000\",\r\n                    colorLight: \"#ffffff\",\r\n                    PO: \"\",\r\n                    PI: \"\",\r\n                    PO_TL:\"\",\r\n                    PI_TL: \"\",\r\n                    PO_TR: \"\",\r\n                    PI_TR: \"\",\r\n                    PO_BL:\"\",\r\n                    PI_BL: \"\",\r\n                    AI: \"\",\r\n                    AO: \"\",\r\n                    timing: \"\",\r\n                    timing_H: \"\",\r\n                    timing_V: \"\",\r\n                    quietZone: 0,\r\n                    quietZoneColor: \"#FFFFFF\",  \r\n                }\r\n            );\r\n            });\r\n        <\/script>\r\n    \r\n\t\t<\/div>\n\t\t\t\t<\/div>\n\t\t\t\t\t\t<\/div>\n\t\t\t\t\t<\/div>\n\t\t<\/div>\n\t\t\t\t\t\t\t\t<\/div>\n\t\t\t\t\t<\/div>\n\t\t<\/section>\n\t\t\t\t<section class=\"elementor-section elementor-top-section elementor-element elementor-element-5029a9e elementor-section-boxed elementor-section-height-default elementor-section-height-default\" data-id=\"5029a9e\" data-element_type=\"section\">\n\t\t\t\t\t\t<div class=\"elementor-container elementor-column-gap-default\">\n\t\t\t\t\t\t\t<div class=\"elementor-row\">\n\t\t\t\t\t<div class=\"elementor-column elementor-col-100 elementor-top-column elementor-element elementor-element-3cf7ece\" data-id=\"3cf7ece\" data-element_type=\"column\">\n\t\t\t<div class=\"elementor-column-wrap elementor-element-populated\">\n\t\t\t\t\t\t\t<div class=\"elementor-widget-wrap\">\n\t\t\t\t\t\t<div class=\"elementor-element elementor-element-f985c6a elementor-widget elementor-widget-htqrcode-addons\" data-id=\"f985c6a\" data-element_type=\"widget\" data-widget_type=\"htqrcode-addons.default\">\n\t\t\t\t<div class=\"elementor-widget-container\">\n\t\t\t        <div class=\"ht_qrcode\" style=\"text-align: center\">\r\n            <div id=\"print-69e01de663545\" class=\"ht_qrcode-69e01de663545\"><\/div>\r\n\r\n                            <a class=\"htqr-btn htqr-btn-print\" href=\"javascript:printDiv('print-69e01de663545')\">Print QR Code<\/a>\r\n                                        <a href=\"#\" class=\"qrcode-download htqr-btn htqr-btn-download\" data-target=\".ht_qrcode-69e01de663545 \">Download<\/a>\r\n                    <\/div>\r\n\r\n        <script type=\"text\/javascript\">\r\n            jQuery(document).ready(function($) {\r\n                'use strict';\r\n\r\n                new QRCode(document.querySelector(\".ht_qrcode-69e01de663545\"),{\r\n                    text: \"https:\/\/crossist.com\/memnuniyet-anketi\/\",\r\n                    width: 300,\r\n                    height: 300,\r\n                    dotScale: 1,\r\n                    correctLevel: QRCode.CorrectLevel.L,\r\n                    logo: \"https:\/\/akillifikirler.com\/wp-content\/uploads\/2022\/10\/Alphega-yuvarlak-logo.png\",\r\n                    logoWidth: 50, \r\n                    logoHeight: 50, \r\n                    logoBackgroundColor: \"\",\r\n                    logoBackgroundTransparent: true,\r\n                    backgroundImage: \"\",\r\n                    backgroundImageAlpha: 1,\r\n                    autoColor: false, \r\n                    colorDark: \"#000000\",\r\n                    colorLight: \"#ffffff\",\r\n                    PO: \"\",\r\n                    PI: \"\",\r\n                    PO_TL:\"\",\r\n                    PI_TL: \"\",\r\n                    PO_TR: \"\",\r\n                    PI_TR: \"\",\r\n                    PO_BL:\"\",\r\n                    PI_BL: \"\",\r\n                    AI: \"\",\r\n                    AO: \"\",\r\n                    timing: \"\",\r\n                    timing_H: \"\",\r\n                    timing_V: \"\",\r\n                    quietZone: 0,\r\n                    quietZoneColor: \"#FFFFFF\",  \r\n                }\r\n            );\r\n            });\r\n        <\/script>\r\n    \r\n\t\t<\/div>\n\t\t\t\t<\/div>\n\t\t\t\t\t\t<\/div>\n\t\t\t\t\t<\/div>\n\t\t<\/div>\n\t\t\t\t\t\t\t\t<\/div>\n\t\t\t\t\t<\/div>\n\t\t<\/section>\n\t\t\t\t\t\t<\/div>\n\t\t\t\t\t\t<\/div>\n\t\t\t\t\t<\/div>","protected":false},"excerpt":{"rendered":"<p>Print QR Code Download Print QR Code Download Print QR Code Download Print QR Code Download Print QR Code Download<\/p>","protected":false},"author":1,"featured_media":0,"parent":0,"menu_order":0,"comment_status":"closed","ping_status":"closed","template":"","meta":{"inline_featured_image":false,"footnotes":""},"_links":{"self":[{"href":"https:\/\/akillifikirler.com\/en\/wp-json\/wp\/v2\/pages\/3567"}],"collection":[{"href":"https:\/\/akillifikirler.com\/en\/wp-json\/wp\/v2\/pages"}],"about":[{"href":"https:\/\/akillifikirler.com\/en\/wp-json\/wp\/v2\/types\/page"}],"author":[{"embeddable":true,"href":"https:\/\/akillifikirler.com\/en\/wp-json\/wp\/v2\/users\/1"}],"replies":[{"embeddable":true,"href":"https:\/\/akillifikirler.com\/en\/wp-json\/wp\/v2\/comments?post=3567"}],"version-history":[{"count":74,"href":"https:\/\/akillifikirler.com\/en\/wp-json\/wp\/v2\/pages\/3567\/revisions"}],"predecessor-version":[{"id":3694,"href":"https:\/\/akillifikirler.com\/en\/wp-json\/wp\/v2\/pages\/3567\/revisions\/3694"}],"wp:attachment":[{"href":"https:\/\/akillifikirler.com\/en\/wp-json\/wp\/v2\/media?parent=3567"}],"curies":[{"name":"wp","href":"https:\/\/api.w.org\/{rel}","templated":true}]}}