{"id":319,"date":"2020-02-18T10:14:06","date_gmt":"2020-02-18T10:14:06","guid":{"rendered":"http:\/\/bizix.premiumthemes.in\/?page_id=319"},"modified":"2024-05-31T18:30:24","modified_gmt":"2024-05-31T18:30:24","slug":"hizmetler","status":"publish","type":"page","link":"https:\/\/akillifikirler.com\/en\/hizmetler\/","title":{"rendered":"Our Services"},"content":{"rendered":"<div data-elementor-type=\"wp-page\" data-elementor-id=\"319\" class=\"elementor elementor-319\" data-elementor-settings=\"[]\">\n\t\t\t\t\t\t<div class=\"elementor-inner\">\n\t\t\t\t\t\t\t<div class=\"elementor-section-wrap\">\n\t\t\t\t\t\t\t<section class=\"elementor-section elementor-top-section elementor-element elementor-element-a45b8f3 elementor-section-stretched elementor-section-boxed elementor-section-height-default elementor-section-height-default\" data-id=\"a45b8f3\" data-element_type=\"section\" data-settings=\"{&quot;stretch_section&quot;:&quot;section-stretched&quot;}\">\n\t\t\t\t\t\t<div class=\"elementor-container elementor-column-gap-no\">\n\t\t\t\t\t\t\t<div class=\"elementor-row\">\n\t\t\t\t\t<div class=\"elementor-column elementor-col-100 elementor-top-column elementor-element elementor-element-97dcc6d\" data-id=\"97dcc6d\" data-element_type=\"column\">\n\t\t\t<div class=\"elementor-column-wrap elementor-element-populated\">\n\t\t\t\t\t\t\t<div class=\"elementor-widget-wrap\">\n\t\t\t\t\t\t<div class=\"elementor-element elementor-element-6c35efe4 elementor-grid-3 elementor-grid-tablet-2 elementor-grid-mobile-1 elementor-widget elementor-widget-gyan_services_full_text\" data-id=\"6c35efe4\" data-element_type=\"widget\" data-settings=\"{&quot;columns&quot;:&quot;3&quot;,&quot;columns_tablet&quot;:&quot;2&quot;,&quot;columns_mobile&quot;:&quot;1&quot;}\" data-widget_type=\"gyan_services_full_text.default\">\n\t\t\t\t<div class=\"elementor-widget-container\">\n\t\t\t\n\t\t<div class=\"gyan-services-full-container gyan-services-full-container-6c35efe4\" data-layout=\"grid\" data-rtl=\"false\">\n\n\t\t\t<div class=\"gyan-services-full-items gyan-elementor-grid\">\n\n\t\t\t\t\n\t\t\t\t\t<div class=\"gyan-service-full-item gyan-grid-item-wrap\">\n\t\t\t\t\t\t<div class=\"gyan-services-full gyan-grid-item gyan-ease-transition\">\n\t\t\t\t\t\t\t<div class=\"gyan-services-full-img\"><img loading=\"lazy\" decoding=\"async\" width=\"343\" height=\"341\" src=\"https:\/\/akillifikirler.com\/wp-content\/uploads\/2024\/05\/yuvarlak.png\" class=\"attachment-full size-full\" alt=\"\" srcset=\"https:\/\/akillifikirler.com\/wp-content\/uploads\/2024\/05\/yuvarlak.png 343w, https:\/\/akillifikirler.com\/wp-content\/uploads\/2024\/05\/yuvarlak-300x298.png 300w, https:\/\/akillifikirler.com\/wp-content\/uploads\/2024\/05\/yuvarlak-150x150.png 150w, https:\/\/akillifikirler.com\/wp-content\/uploads\/2024\/05\/yuvarlak-12x12.png 12w, https:\/\/akillifikirler.com\/wp-content\/uploads\/2024\/05\/yuvarlak-90x90.png 90w\" sizes=\"(max-width: 343px) 100vw, 343px\" \/><\/div><div class=\"gyan-services-full-content\"><div class=\"gyan-services-full-icon-wrap\"><div class=\"gyan-services-full-icon gyan-icon\"><i aria-hidden=\"true\" class=\"far fa-smile\"><\/i><\/div><\/div><div class=\"gyan-services-full-title-desc\"><h6 class=\"gyan-services-full-title\"><a href=\"https:\/\/akillifikirler.com\/en\/memnuniyet-anketi\/\" class=\"gyan-service-full-link\">Customer Satisfaction Survey System<\/a><\/h6><div class=\"gyan-services-full-desc\">Customer Satisfaction Survey specifically for pharmacies\nIt is a designed feedback and monitoring.<\/div><\/div><a href=\"https:\/\/akillifikirler.com\/en\/memnuniyet-anketi\/\" class=\"gyan-service-full-link gyan-services-full-button gyan-ease-transition gyan-flex\"><span class=\"gyan-services-full-button-text\">Learn More<\/span><span class=\"gyan-services-full-button-arrow\"><\/span><\/a><\/div>\t\t\t\t\t\t<\/div>\n\t\t\t\t\t\t<div class=\"clear\"><\/div>\n\t\t\t\t\t<\/div>\n\n\t\t\t\t \n\t\t\t\t\t<div class=\"gyan-service-full-item gyan-grid-item-wrap\">\n\t\t\t\t\t\t<div class=\"gyan-services-full gyan-grid-item gyan-ease-transition\">\n\t\t\t\t\t\t\t<div class=\"gyan-services-full-img\"><img loading=\"lazy\" decoding=\"async\" width=\"343\" height=\"341\" src=\"https:\/\/akillifikirler.com\/wp-content\/uploads\/2024\/05\/yuvarlak.png\" class=\"attachment-full size-full\" alt=\"\" srcset=\"https:\/\/akillifikirler.com\/wp-content\/uploads\/2024\/05\/yuvarlak.png 343w, https:\/\/akillifikirler.com\/wp-content\/uploads\/2024\/05\/yuvarlak-300x298.png 300w, https:\/\/akillifikirler.com\/wp-content\/uploads\/2024\/05\/yuvarlak-150x150.png 150w, https:\/\/akillifikirler.com\/wp-content\/uploads\/2024\/05\/yuvarlak-12x12.png 12w, https:\/\/akillifikirler.com\/wp-content\/uploads\/2024\/05\/yuvarlak-90x90.png 90w\" sizes=\"(max-width: 343px) 100vw, 343px\" \/><\/div><div class=\"gyan-services-full-content\"><div class=\"gyan-services-full-icon-wrap\"><div class=\"gyan-services-full-icon gyan-icon\"><i aria-hidden=\"true\" class=\"far fa-smile\"><\/i><\/div><\/div><div class=\"gyan-services-full-title-desc\"><h6 class=\"gyan-services-full-title\"><a href=\"https:\/\/akillifikirler.com\/en\/tellertag\/\" class=\"gyan-service-full-link\">Tellertag<\/a><\/h6><div class=\"gyan-services-full-desc\">Products sold in pharmacies now inform you with personal QR codes and voice-overs in 5 languages.<\/div><\/div><a href=\"https:\/\/akillifikirler.com\/en\/tellertag\/\" class=\"gyan-service-full-link gyan-services-full-button gyan-ease-transition gyan-flex\"><span class=\"gyan-services-full-button-text\">Learn More<\/span><span class=\"gyan-services-full-button-arrow\"><\/span><\/a><\/div>\t\t\t\t\t\t<\/div>\n\t\t\t\t\t\t<div class=\"clear\"><\/div>\n\t\t\t\t\t<\/div>\n\n\t\t\t\t \n\t\t\t\t\t<div class=\"gyan-service-full-item gyan-grid-item-wrap\">\n\t\t\t\t\t\t<div class=\"gyan-services-full gyan-grid-item gyan-ease-transition\">\n\t\t\t\t\t\t\t<div class=\"gyan-services-full-img\"><img loading=\"lazy\" decoding=\"async\" width=\"667\" height=\"515\" src=\"https:\/\/akillifikirler.com\/wp-content\/uploads\/2021\/01\/Videowall-Crossist.jpg\" class=\"attachment-full size-full\" alt=\"\" srcset=\"https:\/\/akillifikirler.com\/wp-content\/uploads\/2021\/01\/Videowall-Crossist.jpg 667w, https:\/\/akillifikirler.com\/wp-content\/uploads\/2021\/01\/Videowall-Crossist-300x232.jpg 300w\" sizes=\"(max-width: 667px) 100vw, 667px\" \/><\/div><div class=\"gyan-services-full-content\"><div class=\"gyan-services-full-icon-wrap\"><div class=\"gyan-services-full-icon gyan-icon\"><img loading=\"lazy\" decoding=\"async\" width=\"46\" height=\"46\" src=\"https:\/\/akillifikirler.com\/wp-content\/uploads\/2020\/02\/icon-megaphone2.png\" class=\"attachment-full size-full\" alt=\"\" \/><\/div><\/div><div class=\"gyan-services-full-title-desc\"><h6 class=\"gyan-services-full-title\"><a href=\"https:\/\/akillifikirler.com\/en\/wintv\/\" class=\"gyan-service-full-link\">Win Tv<\/a><\/h6><div class=\"gyan-services-full-desc\">We enable you to easily manage all your screen contents anywhere, easily upload and update your screen content and present different contents to different locations.<\/div><\/div><a href=\"https:\/\/akillifikirler.com\/en\/wintv\/\" class=\"gyan-service-full-link gyan-services-full-button gyan-ease-transition gyan-flex\"><span class=\"gyan-services-full-button-text\">Learn More<\/span><span class=\"gyan-services-full-button-arrow\"><\/span><\/a><\/div>\t\t\t\t\t\t<\/div>\n\t\t\t\t\t\t<div class=\"clear\"><\/div>\n\t\t\t\t\t<\/div>\n\n\t\t\t\t \n\t\t\t\t\t<div class=\"gyan-service-full-item gyan-grid-item-wrap\">\n\t\t\t\t\t\t<div class=\"gyan-services-full gyan-grid-item gyan-ease-transition\">\n\t\t\t\t\t\t\t<div class=\"gyan-services-full-img\"><img loading=\"lazy\" decoding=\"async\" width=\"667\" height=\"515\" src=\"https:\/\/akillifikirler.com\/wp-content\/uploads\/2021\/01\/Orzax-Akademi.jpg\" class=\"attachment-full size-full\" alt=\"\" srcset=\"https:\/\/akillifikirler.com\/wp-content\/uploads\/2021\/01\/Orzax-Akademi.jpg 667w, https:\/\/akillifikirler.com\/wp-content\/uploads\/2021\/01\/Orzax-Akademi-300x232.jpg 300w\" sizes=\"(max-width: 667px) 100vw, 667px\" \/><\/div><div class=\"gyan-services-full-content\"><div class=\"gyan-services-full-icon-wrap\"><div class=\"gyan-services-full-icon gyan-icon\"><img loading=\"lazy\" decoding=\"async\" width=\"52\" height=\"52\" src=\"https:\/\/akillifikirler.com\/wp-content\/uploads\/2020\/02\/home1-icon2.png\" class=\"attachment-full size-full\" alt=\"\" \/><\/div><\/div><div class=\"gyan-services-full-title-desc\"><h6 class=\"gyan-services-full-title\"><a href=\"https:\/\/akillifikirler.com\/en\/iletisim\/\" class=\"gyan-service-full-link\">Webinar Systems<\/a><\/h6><div class=\"gyan-services-full-desc\">Our webinar software in line with your participant's predictions; We organize your congresses, symposiums and events according to your wishes and structure them on your site.<\/div><\/div><a href=\"https:\/\/akillifikirler.com\/en\/iletisim\/\" class=\"gyan-service-full-link gyan-services-full-button gyan-ease-transition gyan-flex\"><span class=\"gyan-services-full-button-text\">Learn More<\/span><span class=\"gyan-services-full-button-arrow\"><\/span><\/a><\/div>\t\t\t\t\t\t<\/div>\n\t\t\t\t\t\t<div class=\"clear\"><\/div>\n\t\t\t\t\t<\/div>\n\n\t\t\t\t \n\t\t\t\t\t<div class=\"gyan-service-full-item gyan-grid-item-wrap\">\n\t\t\t\t\t\t<div class=\"gyan-services-full gyan-grid-item gyan-ease-transition\">\n\t\t\t\t\t\t\t<div class=\"gyan-services-full-img\"><img loading=\"lazy\" decoding=\"async\" width=\"667\" height=\"515\" src=\"https:\/\/akillifikirler.com\/wp-content\/uploads\/2021\/01\/Recordati-Etkinlik.jpg\" class=\"attachment-full size-full\" alt=\"\" srcset=\"https:\/\/akillifikirler.com\/wp-content\/uploads\/2021\/01\/Recordati-Etkinlik.jpg 667w, https:\/\/akillifikirler.com\/wp-content\/uploads\/2021\/01\/Recordati-Etkinlik-300x232.jpg 300w\" sizes=\"(max-width: 667px) 100vw, 667px\" \/><\/div><div class=\"gyan-services-full-content\"><div class=\"gyan-services-full-icon-wrap\"><div class=\"gyan-services-full-icon gyan-icon\"><img loading=\"lazy\" decoding=\"async\" width=\"50\" height=\"50\" src=\"https:\/\/akillifikirler.com\/wp-content\/uploads\/2020\/02\/icon-video.png\" class=\"attachment-full size-full\" alt=\"\" \/><\/div><\/div><div class=\"gyan-services-full-title-desc\"><h6 class=\"gyan-services-full-title\"><a href=\"https:\/\/akillifikirler.com\/en\/webcast1\/\" class=\"gyan-service-full-link\">Webcast<\/a><\/h6><div class=\"gyan-services-full-desc\">We analyse your activity needs. In order to maximize your brand perception, we handle your organization from start to finish and provide a perfect webcast experience.<\/div><\/div><a href=\"https:\/\/akillifikirler.com\/en\/webcast1\/\" class=\"gyan-service-full-link gyan-services-full-button gyan-ease-transition gyan-flex\"><span class=\"gyan-services-full-button-text\">Learn More<\/span><span class=\"gyan-services-full-button-arrow\"><\/span><\/a><\/div>\t\t\t\t\t\t<\/div>\n\t\t\t\t\t\t<div class=\"clear\"><\/div>\n\t\t\t\t\t<\/div>\n\n\t\t\t\t \n\t\t\t\t\t<div class=\"gyan-service-full-item gyan-grid-item-wrap\">\n\t\t\t\t\t\t<div class=\"gyan-services-full gyan-grid-item gyan-ease-transition\">\n\t\t\t\t\t\t\t<div class=\"gyan-services-full-img\"><img loading=\"lazy\" decoding=\"async\" width=\"667\" height=\"515\" src=\"https:\/\/akillifikirler.com\/wp-content\/uploads\/2021\/01\/Akilli-Fikir-IOT.jpg\" class=\"attachment-full size-full\" alt=\"\" srcset=\"https:\/\/akillifikirler.com\/wp-content\/uploads\/2021\/01\/Akilli-Fikir-IOT.jpg 667w, https:\/\/akillifikirler.com\/wp-content\/uploads\/2021\/01\/Akilli-Fikir-IOT-300x232.jpg 300w\" sizes=\"(max-width: 667px) 100vw, 667px\" \/><\/div><div class=\"gyan-services-full-content\"><div class=\"gyan-services-full-icon-wrap\"><div class=\"gyan-services-full-icon gyan-icon\"><img loading=\"lazy\" decoding=\"async\" width=\"50\" height=\"50\" src=\"https:\/\/akillifikirler.com\/wp-content\/uploads\/2020\/02\/icon-bell.png\" class=\"attachment-full size-full\" alt=\"\" \/><\/div><\/div><div class=\"gyan-services-full-title-desc\"><h6 class=\"gyan-services-full-title\"><a href=\"https:\/\/akillifikirler.com\/en\/iletisim\/\" class=\"gyan-service-full-link\">IOT <\/a><\/h6><div class=\"gyan-services-full-desc\">We program systems for your brand, where objects can communicate with each other thanks to their digital capabilities that perceive the system, communicate, record data, and forward it to the target address.<\/div><\/div><a href=\"https:\/\/akillifikirler.com\/en\/iletisim\/\" class=\"gyan-service-full-link gyan-services-full-button gyan-ease-transition gyan-flex\"><span class=\"gyan-services-full-button-text\">Learn More<\/span><span class=\"gyan-services-full-button-arrow\"><\/span><\/a><\/div>\t\t\t\t\t\t<\/div>\n\t\t\t\t\t\t<div class=\"clear\"><\/div>\n\t\t\t\t\t<\/div>\n\n\t\t\t\t \n\t\t\t\t\t<div class=\"gyan-service-full-item gyan-grid-item-wrap\">\n\t\t\t\t\t\t<div class=\"gyan-services-full gyan-grid-item gyan-ease-transition\">\n\t\t\t\t\t\t\t<div class=\"gyan-services-full-img\"><img loading=\"lazy\" decoding=\"async\" width=\"667\" height=\"515\" src=\"https:\/\/akillifikirler.com\/wp-content\/uploads\/2021\/01\/Akilli-kiosk.jpg\" class=\"attachment-full size-full\" alt=\"\" srcset=\"https:\/\/akillifikirler.com\/wp-content\/uploads\/2021\/01\/Akilli-kiosk.jpg 667w, https:\/\/akillifikirler.com\/wp-content\/uploads\/2021\/01\/Akilli-kiosk-300x232.jpg 300w\" sizes=\"(max-width: 667px) 100vw, 667px\" \/><\/div><div class=\"gyan-services-full-content\"><div class=\"gyan-services-full-icon-wrap\"><div class=\"gyan-services-full-icon gyan-icon\"><img loading=\"lazy\" decoding=\"async\" width=\"60\" height=\"60\" src=\"https:\/\/akillifikirler.com\/wp-content\/uploads\/2020\/03\/icon-play-large2.png\" class=\"attachment-full size-full\" alt=\"\" \/><\/div><\/div><div class=\"gyan-services-full-title-desc\"><h6 class=\"gyan-services-full-title\"><a href=\"https:\/\/akillifikirler.com\/en\/iletisim\/\" class=\"gyan-service-full-link\">Infobox<\/a><\/h6><div class=\"gyan-services-full-desc\">With our kiosk systems, we provide your customers with detailed information about your products and services at retail points. We enable consumers to easily perform many operations such as price and feature comparison.<\/div><\/div><a href=\"https:\/\/akillifikirler.com\/en\/iletisim\/\" class=\"gyan-service-full-link gyan-services-full-button gyan-ease-transition gyan-flex\"><span class=\"gyan-services-full-button-text\">Learn More<\/span><span class=\"gyan-services-full-button-arrow\"><\/span><\/a><\/div>\t\t\t\t\t\t<\/div>\n\t\t\t\t\t\t<div class=\"clear\"><\/div>\n\t\t\t\t\t<\/div>\n\n\t\t\t\t \n\t\t\t\t\t<div class=\"gyan-service-full-item gyan-grid-item-wrap\">\n\t\t\t\t\t\t<div class=\"gyan-services-full gyan-grid-item gyan-ease-transition\">\n\t\t\t\t\t\t\t<div class=\"gyan-services-full-img\"><img loading=\"lazy\" decoding=\"async\" width=\"667\" height=\"515\" src=\"https:\/\/akillifikirler.com\/wp-content\/uploads\/2021\/01\/Call-Center-Akillifikirler.jpg\" class=\"attachment-full size-full\" alt=\"\" srcset=\"https:\/\/akillifikirler.com\/wp-content\/uploads\/2021\/01\/Call-Center-Akillifikirler.jpg 667w, https:\/\/akillifikirler.com\/wp-content\/uploads\/2021\/01\/Call-Center-Akillifikirler-300x232.jpg 300w\" sizes=\"(max-width: 667px) 100vw, 667px\" \/><\/div><div class=\"gyan-services-full-content\"><div class=\"gyan-services-full-icon-wrap\"><div class=\"gyan-services-full-icon gyan-icon\"><img loading=\"lazy\" decoding=\"async\" width=\"53\" height=\"53\" src=\"https:\/\/akillifikirler.com\/wp-content\/uploads\/2020\/02\/icon-call.png\" class=\"attachment-full size-full\" alt=\"\" \/><\/div><\/div><div class=\"gyan-services-full-title-desc\"><h6 class=\"gyan-services-full-title\"><a href=\"https:\/\/akillifikirler.com\/en\/iletisim\/\" class=\"gyan-service-full-link\">Telecommunication<\/a><\/h6><div class=\"gyan-services-full-desc\">We provide call center technologies, bulk sms, voicemail, voice survey and voip services. We ensure that your company can easily monitor and manage telecommunication activities.<\/div><\/div><a href=\"https:\/\/akillifikirler.com\/en\/iletisim\/\" class=\"gyan-service-full-link gyan-services-full-button gyan-ease-transition gyan-flex\"><span class=\"gyan-services-full-button-text\">Learn More<\/span><span class=\"gyan-services-full-button-arrow\"><\/span><\/a><\/div>\t\t\t\t\t\t<\/div>\n\t\t\t\t\t\t<div class=\"clear\"><\/div>\n\t\t\t\t\t<\/div>\n\n\t\t\t\t \n\t\t\t\t\t<div class=\"gyan-service-full-item gyan-grid-item-wrap\">\n\t\t\t\t\t\t<div class=\"gyan-services-full gyan-grid-item gyan-ease-transition\">\n\t\t\t\t\t\t\t<div class=\"gyan-services-full-img\"><img loading=\"lazy\" decoding=\"async\" width=\"667\" height=\"515\" src=\"https:\/\/akillifikirler.com\/wp-content\/uploads\/2021\/01\/Crossist667x515.jpg\" class=\"attachment-full size-full\" alt=\"\" srcset=\"https:\/\/akillifikirler.com\/wp-content\/uploads\/2021\/01\/Crossist667x515.jpg 667w, https:\/\/akillifikirler.com\/wp-content\/uploads\/2021\/01\/Crossist667x515-300x232.jpg 300w\" sizes=\"(max-width: 667px) 100vw, 667px\" \/><\/div><div class=\"gyan-services-full-content\"><div class=\"gyan-services-full-icon-wrap\"><div class=\"gyan-services-full-icon gyan-icon\"><img loading=\"lazy\" decoding=\"async\" width=\"55\" height=\"55\" src=\"https:\/\/akillifikirler.com\/wp-content\/uploads\/revslider\/home-one\/slider-1-play.png\" class=\"attachment-full size-full\" alt=\"\" \/><\/div><\/div><div class=\"gyan-services-full-title-desc\"><h6 class=\"gyan-services-full-title\"><a href=\"https:\/\/akillifikirler.com\/en\/iletisim\/\" class=\"gyan-service-full-link\">Retail Technologies<\/a><\/h6><div class=\"gyan-services-full-desc\">Customers tend to buy \"experiences\" not \"products\" anymore, we enable you to give your customers personalized experiences.<\/div><\/div><a href=\"https:\/\/akillifikirler.com\/en\/iletisim\/\" class=\"gyan-service-full-link gyan-services-full-button gyan-ease-transition gyan-flex\"><span class=\"gyan-services-full-button-text\">Learn More<\/span><span class=\"gyan-services-full-button-arrow\"><\/span><\/a><\/div>\t\t\t\t\t\t<\/div>\n\t\t\t\t\t\t<div class=\"clear\"><\/div>\n\t\t\t\t\t<\/div>\n\n\t\t\t\t \n\t\t\t\t\t<div class=\"gyan-service-full-item gyan-grid-item-wrap\">\n\t\t\t\t\t\t<div class=\"gyan-services-full gyan-grid-item gyan-ease-transition\">\n\t\t\t\t\t\t\t<div class=\"gyan-services-full-img\"><img loading=\"lazy\" decoding=\"async\" width=\"667\" height=\"515\" src=\"https:\/\/akillifikirler.com\/wp-content\/uploads\/2021\/01\/Big-Data.jpg\" class=\"attachment-full size-full\" alt=\"\" srcset=\"https:\/\/akillifikirler.com\/wp-content\/uploads\/2021\/01\/Big-Data.jpg 667w, https:\/\/akillifikirler.com\/wp-content\/uploads\/2021\/01\/Big-Data-300x232.jpg 300w\" sizes=\"(max-width: 667px) 100vw, 667px\" \/><\/div><div class=\"gyan-services-full-content\"><div class=\"gyan-services-full-icon-wrap\"><div class=\"gyan-services-full-icon gyan-icon\"><img loading=\"lazy\" decoding=\"async\" width=\"52\" height=\"52\" src=\"https:\/\/akillifikirler.com\/wp-content\/uploads\/2020\/02\/home1-icon1.png\" class=\"attachment-full size-full\" alt=\"\" \/><\/div><\/div><div class=\"gyan-services-full-title-desc\"><h6 class=\"gyan-services-full-title\"><a href=\"https:\/\/akillifikirler.com\/en\/iletisim\/\" class=\"gyan-service-full-link\">Big Data<\/a><\/h6><div class=\"gyan-services-full-desc\">We obtain subjects such as the interests of the masses and purchasing behavior by combining different methods and technologies, and bring them together with brands without harming personal rights.\n\n\n<\/div><\/div><a href=\"https:\/\/akillifikirler.com\/en\/iletisim\/\" class=\"gyan-service-full-link gyan-services-full-button gyan-ease-transition gyan-flex\"><span class=\"gyan-services-full-button-text\">Learn More<\/span><span class=\"gyan-services-full-button-arrow\"><\/span><\/a><\/div>\t\t\t\t\t\t<\/div>\n\t\t\t\t\t\t<div class=\"clear\"><\/div>\n\t\t\t\t\t<\/div>\n\n\t\t\t\t \n\t\t\t\t\t<div class=\"gyan-service-full-item gyan-grid-item-wrap\">\n\t\t\t\t\t\t<div class=\"gyan-services-full gyan-grid-item gyan-ease-transition\">\n\t\t\t\t\t\t\t<div class=\"gyan-services-full-img\"><img loading=\"lazy\" decoding=\"async\" width=\"667\" height=\"515\" src=\"https:\/\/akillifikirler.com\/wp-content\/uploads\/2021\/01\/Danismanlik.jpg\" class=\"attachment-full size-full\" alt=\"\" srcset=\"https:\/\/akillifikirler.com\/wp-content\/uploads\/2021\/01\/Danismanlik.jpg 667w, https:\/\/akillifikirler.com\/wp-content\/uploads\/2021\/01\/Danismanlik-300x232.jpg 300w\" sizes=\"(max-width: 667px) 100vw, 667px\" \/><\/div><div class=\"gyan-services-full-content\"><div class=\"gyan-services-full-icon-wrap\"><div class=\"gyan-services-full-icon gyan-icon\"><img loading=\"lazy\" decoding=\"async\" width=\"51\" height=\"51\" src=\"https:\/\/akillifikirler.com\/wp-content\/uploads\/2020\/02\/icon-blue-stats.png\" class=\"attachment-full size-full\" alt=\"\" \/><\/div><\/div><div class=\"gyan-services-full-title-desc\"><h6 class=\"gyan-services-full-title\"><a href=\"https:\/\/akillifikirler.com\/en\/iletisim\/\" class=\"gyan-service-full-link\">Consultancy Services<\/a><\/h6><div class=\"gyan-services-full-desc\">\u0130novasyon Dan\u0131\u015fmanl\u0131\u011f\u0131, Stratejik Planlama, Organizasyon Yap\u0131land\u0131rma, Verimlilik Analizleri, Kurumsalla\u015fma ve Marka dan\u0131\u015fmanl\u0131\u011f\u0131n\u0131 teknoloji ile birle\u015ftirerek hizmet veririz.<\/div><\/div><a href=\"https:\/\/akillifikirler.com\/en\/iletisim\/\" class=\"gyan-service-full-link gyan-services-full-button gyan-ease-transition gyan-flex\"><span class=\"gyan-services-full-button-text\">Learn More<\/span><span class=\"gyan-services-full-button-arrow\"><\/span><\/a><\/div>\t\t\t\t\t\t<\/div>\n\t\t\t\t\t\t<div class=\"clear\"><\/div>\n\t\t\t\t\t<\/div>\n\n\t\t\t\t \n\t\t\t <\/div> <!-- gyan-services-full-items -->\n\t\t\t <div class=\"clear\"><\/div>\n\n\t\t<\/div>\n\n\t\t\t<\/div>\n\t\t\t\t<\/div>\n\t\t\t\t\t\t<\/div>\n\t\t\t\t\t<\/div>\n\t\t<\/div>\n\t\t\t\t\t\t\t\t<\/div>\n\t\t\t\t\t<\/div>\n\t\t<\/section>\n\t\t\t\t\t\t<\/div>\n\t\t\t\t\t\t<\/div>\n\t\t\t\t\t<\/div>","protected":false},"excerpt":{"rendered":"<p>Memnuniyet Anket Sistemi M\u00fc\u015fteri Memnuniyet Anketi, eczaneler i\u00e7in \u00f6zel olarak tasarlanm\u0131\u015f bir geri bildirim ve izleme sistemidir.Daha Fazla Bilgi Tellertag Size \u00f6zel karekodlar ve 5 dilde seslendirmeler ile eczanede sat\u0131lan \u00fcr\u00fcnler art\u0131k bilgilendirme yap\u0131yor.Daha Fazla Bilgi Win Tv T\u00fcm ekran i\u00e7eriklerinizi her yerde kolayca y\u00f6netmenizi, ekran i\u00e7eri\u011finizi kolayca y\u00fcklemenizi, g\u00fcncellemenizi [&hellip;]<\/p>","protected":false},"author":1,"featured_media":0,"parent":0,"menu_order":0,"comment_status":"closed","ping_status":"closed","template":"elementor_header_footer","meta":{"inline_featured_image":false,"footnotes":""},"_links":{"self":[{"href":"https:\/\/akillifikirler.com\/en\/wp-json\/wp\/v2\/pages\/319"}],"collection":[{"href":"https:\/\/akillifikirler.com\/en\/wp-json\/wp\/v2\/pages"}],"about":[{"href":"https:\/\/akillifikirler.com\/en\/wp-json\/wp\/v2\/types\/page"}],"author":[{"embeddable":true,"href":"https:\/\/akillifikirler.com\/en\/wp-json\/wp\/v2\/users\/1"}],"replies":[{"embeddable":true,"href":"https:\/\/akillifikirler.com\/en\/wp-json\/wp\/v2\/comments?post=319"}],"version-history":[{"count":33,"href":"https:\/\/akillifikirler.com\/en\/wp-json\/wp\/v2\/pages\/319\/revisions"}],"predecessor-version":[{"id":4955,"href":"https:\/\/akillifikirler.com\/en\/wp-json\/wp\/v2\/pages\/319\/revisions\/4955"}],"wp:attachment":[{"href":"https:\/\/akillifikirler.com\/en\/wp-json\/wp\/v2\/media?parent=319"}],"curies":[{"name":"wp","href":"https:\/\/api.w.org\/{rel}","templated":true}]}}