{"id":2916,"date":"2021-03-16T15:41:49","date_gmt":"2021-03-16T15:41:49","guid":{"rendered":"https:\/\/akillifikirler.com\/?page_id=2916"},"modified":"2025-05-30T08:55:01","modified_gmt":"2025-05-30T08:55:01","slug":"nasil","status":"publish","type":"page","link":"https:\/\/akillifikirler.com\/en\/nasil\/","title":{"rendered":"Gallery"},"content":{"rendered":"<div data-elementor-type=\"wp-page\" data-elementor-id=\"2916\" class=\"elementor elementor-2916\" data-elementor-settings=\"[]\">\n\t\t\t\t\t\t<div class=\"elementor-inner\">\n\t\t\t\t\t\t\t<div class=\"elementor-section-wrap\">\n\t\t\t\t\t\t\t<section class=\"elementor-section elementor-top-section elementor-element elementor-element-6d32478 elementor-section-boxed elementor-section-height-default elementor-section-height-default\" data-id=\"6d32478\" data-element_type=\"section\">\n\t\t\t\t\t\t<div class=\"elementor-container elementor-column-gap-default\">\n\t\t\t\t\t\t\t<div class=\"elementor-row\">\n\t\t\t\t\t<div class=\"elementor-column elementor-col-33 elementor-top-column elementor-element elementor-element-a9ea53c\" data-id=\"a9ea53c\" data-element_type=\"column\">\n\t\t\t<div class=\"elementor-column-wrap elementor-element-populated\">\n\t\t\t\t\t\t\t<div class=\"elementor-widget-wrap\">\n\t\t\t\t\t\t<div class=\"elementor-element elementor-element-08ac563 elementor-widget elementor-widget-gyan_counter\" data-id=\"08ac563\" data-element_type=\"widget\" data-widget_type=\"gyan_counter.default\">\n\t\t\t\t<div class=\"elementor-widget-container\">\n\t\t\t\t\t<div class=\"gyan-counter\">\r\n\r\n\r\n\t\t\r\n\r\n\t\t\t\t\t            <div class=\"gyan-counter-icon gyan-icon\">\r\n\t\t           \t\t<i aria-hidden=\"true\" class=\"fas fa-video\"><\/i>\t\t            <\/div>\r\n\t\t        \r\n\t\t\t\r\n\r\n\t\t\r\n\r\n\t\t\t\t\t\t\t<div class=\"gyan-counter-number-wrap\">\r\n\t\t\t\t\t\r\n\t\t\t\t\t<span class=\"gyan-counter-number\"\r\n\t\t\t\t\tdata-duration=\"2000\"\r\n\t\t\t\t\tdata-to-value=\"507\"\r\n\t\t\t\t\tdata-delimiter=\"\">\r\n\t\t\t\t\t\t100\t\t\t\t\t<\/span>\r\n\r\n\t\t\t\t\t\t\t\t\t<\/div>\r\n\t\t\t\r\n\t\t\t\t\t\t\t<h4 class=\"gyan-counter-title\">\r\n\t\t\t\t\tCanl\u0131 Yay\u0131n\t\t\t\t<\/h4>\r\n\t\t\t\r\n\t\t\t<div class=\"clear\"><\/div>\r\n\t\t<\/div><!-- .gyan-counter -->\r\n\t\t\t\t<\/div>\n\t\t\t\t<\/div>\n\t\t\t\t\t\t<\/div>\n\t\t\t\t\t<\/div>\n\t\t<\/div>\n\t\t\t\t<div class=\"elementor-column elementor-col-33 elementor-top-column elementor-element elementor-element-f9fe8a4\" data-id=\"f9fe8a4\" data-element_type=\"column\">\n\t\t\t<div class=\"elementor-column-wrap elementor-element-populated\">\n\t\t\t\t\t\t\t<div class=\"elementor-widget-wrap\">\n\t\t\t\t\t\t<div class=\"elementor-element elementor-element-44e6427 elementor-widget elementor-widget-gyan_counter\" data-id=\"44e6427\" data-element_type=\"widget\" data-widget_type=\"gyan_counter.default\">\n\t\t\t\t<div class=\"elementor-widget-container\">\n\t\t\t\t\t<div class=\"gyan-counter\">\r\n\r\n\r\n\t\t\r\n\r\n\t\t\t\t\t            <div class=\"gyan-counter-icon gyan-icon\">\r\n\t\t           \t\t<i aria-hidden=\"true\" class=\"fas fa-users\"><\/i>\t\t            <\/div>\r\n\t\t        \r\n\t\t\t\r\n\r\n\t\t\r\n\r\n\t\t\t\t\t\t\t<div class=\"gyan-counter-number-wrap\">\r\n\t\t\t\t\t\r\n\t\t\t\t\t<span class=\"gyan-counter-number\"\r\n\t\t\t\t\tdata-duration=\"2000\"\r\n\t\t\t\t\tdata-to-value=\"42134\"\r\n\t\t\t\t\tdata-delimiter=\"\">\r\n\t\t\t\t\t\t1000\t\t\t\t\t<\/span>\r\n\r\n\t\t\t\t\t\t\t\t\t<\/div>\r\n\t\t\t\r\n\t\t\t\t\t\t\t<h4 class=\"gyan-counter-title\">\r\n\t\t\t\t\tKat\u0131l\u0131mc\u0131\t\t\t\t<\/h4>\r\n\t\t\t\r\n\t\t\t<div class=\"clear\"><\/div>\r\n\t\t<\/div><!-- .gyan-counter -->\r\n\t\t\t\t<\/div>\n\t\t\t\t<\/div>\n\t\t\t\t\t\t<\/div>\n\t\t\t\t\t<\/div>\n\t\t<\/div>\n\t\t\t\t<div class=\"elementor-column elementor-col-33 elementor-top-column elementor-element elementor-element-b3ea417\" data-id=\"b3ea417\" data-element_type=\"column\">\n\t\t\t<div class=\"elementor-column-wrap elementor-element-populated\">\n\t\t\t\t\t\t\t<div class=\"elementor-widget-wrap\">\n\t\t\t\t\t\t<div class=\"elementor-element elementor-element-e15f8f2 elementor-widget elementor-widget-gyan_counter\" data-id=\"e15f8f2\" data-element_type=\"widget\" data-widget_type=\"gyan_counter.default\">\n\t\t\t\t<div class=\"elementor-widget-container\">\n\t\t\t\t\t<div class=\"gyan-counter\">\r\n\r\n\r\n\t\t\r\n\r\n\t\t\t\t\t            <div class=\"gyan-counter-icon gyan-icon\">\r\n\t\t           \t\t<i aria-hidden=\"true\" class=\"fas fa-clock\"><\/i>\t\t            <\/div>\r\n\t\t        \r\n\t\t\t\r\n\r\n\t\t\r\n\r\n\t\t\t\t\t\t\t<div class=\"gyan-counter-number-wrap\">\r\n\t\t\t\t\t\r\n\t\t\t\t\t<span class=\"gyan-counter-number\"\r\n\t\t\t\t\tdata-duration=\"2000\"\r\n\t\t\t\t\tdata-to-value=\"11160\"\r\n\t\t\t\t\tdata-delimiter=\"\">\r\n\t\t\t\t\t\t100\t\t\t\t\t<\/span>\r\n\r\n\t\t\t\t\t\t\t\t\t<\/div>\r\n\t\t\t\r\n\t\t\t\t\t\t\t<h4 class=\"gyan-counter-title\">\r\n\t\t\t\t\tSaat \u0130zlenme S\u00fcresi\t\t\t\t<\/h4>\r\n\t\t\t\r\n\t\t\t<div class=\"clear\"><\/div>\r\n\t\t<\/div><!-- .gyan-counter -->\r\n\t\t\t\t<\/div>\n\t\t\t\t<\/div>\n\t\t\t\t\t\t<\/div>\n\t\t\t\t\t<\/div>\n\t\t<\/div>\n\t\t\t\t\t\t\t\t<\/div>\n\t\t\t\t\t<\/div>\n\t\t<\/section>\n\t\t\t\t<section class=\"elementor-section elementor-top-section elementor-element elementor-element-611ebce elementor-section-boxed elementor-section-height-default elementor-section-height-default\" data-id=\"611ebce\" data-element_type=\"section\">\n\t\t\t\t\t\t<div class=\"elementor-container elementor-column-gap-default\">\n\t\t\t\t\t\t\t<div class=\"elementor-row\">\n\t\t\t\t\t<div class=\"elementor-column elementor-col-100 elementor-top-column elementor-element elementor-element-9d20587\" data-id=\"9d20587\" data-element_type=\"column\">\n\t\t\t<div class=\"elementor-column-wrap elementor-element-populated\">\n\t\t\t\t\t\t\t<div class=\"elementor-widget-wrap\">\n\t\t\t\t\t\t<div class=\"elementor-element elementor-element-7783e91 elementor-widget elementor-widget-text-editor\" data-id=\"7783e91\" data-element_type=\"widget\" data-widget_type=\"text-editor.default\">\n\t\t\t\t<div class=\"elementor-widget-container\">\n\t\t\t\t\t\t\t\t<div class=\"elementor-text-editor elementor-clearfix\">\n\t\t\t\tDetayl\u0131 bilgi i\u00e7in l\u00fctfen resimlere t\u0131klay\u0131n.\t\t\t\t\t<\/div>\n\t\t\t\t\t\t<\/div>\n\t\t\t\t<\/div>\n\t\t\t\t\t\t<\/div>\n\t\t\t\t\t<\/div>\n\t\t<\/div>\n\t\t\t\t\t\t\t\t<\/div>\n\t\t\t\t\t<\/div>\n\t\t<\/section>\n\t\t\t\t<section class=\"elementor-section elementor-top-section elementor-element elementor-element-0cd5f4f elementor-section-boxed elementor-section-height-default elementor-section-height-default\" data-id=\"0cd5f4f\" data-element_type=\"section\">\n\t\t\t\t\t\t<div class=\"elementor-container elementor-column-gap-default\">\n\t\t\t\t\t\t\t<div class=\"elementor-row\">\n\t\t\t\t\t<div class=\"elementor-column elementor-col-100 elementor-top-column elementor-element elementor-element-c096a78\" data-id=\"c096a78\" data-element_type=\"column\">\n\t\t\t<div class=\"elementor-column-wrap elementor-element-populated\">\n\t\t\t\t\t\t\t<div class=\"elementor-widget-wrap\">\n\t\t\t\t\t\t<div class=\"elementor-element elementor-element-aa1c36a elementor-widget elementor-widget-tp-portfolio\" data-id=\"aa1c36a\" data-element_type=\"widget\" data-widget_type=\"tp-portfolio.default\">\n\t\t\t\t<div class=\"elementor-widget-container\">\n\t\t\t<div class=\"tp-portfolio columns-3\" id=\"tp-portfolio-aa1c36a\" data-infinite=\"\">\n\n\t\t\t<div class=\"grid-item\" data-title=\"Beslenme Akademi\" data-services=\"Online Akademi\" data-client=\"Orzax\" data-date=\"2021\" data-content=\"Orzax Firmas\u0131 ve Ac\u0131badem \u00dcniversitesi \u0130\u015fbirli\u011fiyle T\u00fcrkiye&#039;deki diyetisyenlere \u00f6zel zorunlu kat\u0131l\u0131ml\u0131 sertifika program\u0131na ait 15 yay\u0131n\u0131 beslenmeakademi.orzax.com &#039;da ba\u015far\u0131yla ger\u00e7ekle\u015ftirdik. Yay\u0131na ait kat\u0131l\u0131mc\u0131 bazl\u0131 izleme verilerini Orzax  Firmas\u0131 ve Ac\u0131badem \u00dcniversitesi ile payla\u015ft\u0131k. E\u011fitmenler Prof.Dr Murat Ba\u015f, Gaps Pni Terapisti Ye\u015fim Temel \u00d6zcan ve Uzm.Dyt. Dilara Ko\u00e7ak&#039;t\u0131.\" data-type=\"image\" data-images=\"https:\/\/akillifikirler.com\/wp-content\/uploads\/2021\/06\/Beslenme-Akademi-Kayit-Sayfasi.png|https:\/\/akillifikirler.com\/wp-content\/uploads\/2021\/06\/Beslenme-akademi-1.jpeg\">\n\t\t\t<div class=\"grid-thumbnail\" style=\"background-image:url(https:\/\/akillifikirler.com\/wp-content\/uploads\/2021\/06\/Beslenme-Akademi-Kayit-Sayfasi-1024x549.png);\">\n\t\t\t\t\t\t\t<\/div>\n\t\t\t\t\t\t\t<h4 class=\"grid-title\">Beslenme Akademi<\/h4>\n\t\t\t\t\t<\/div>\n\t\t\t<div class=\"grid-item\" data-title=\"Orzax Akademi \" data-services=\"Online Akademi\" data-client=\"Orzax\" data-date=\"2021\" data-content=\"Orzax Firmas\u0131n\u0131n Eczanelere \u00f6zel d\u00fczenledi\u011fi e\u011fitimleri akademi.orzax.com &#039;da ba\u015far\u0131yla yapt\u0131k. Bu 15 yay\u0131n yakla\u015f\u0131k 3.000 kat\u0131l\u0131mc\u0131 ile 45 saat olarak ger\u00e7ekle\u015fti.\" data-type=\"image\" data-images=\"https:\/\/akillifikirler.com\/wp-content\/uploads\/2021\/06\/ORZAX-08-AKADEMI-EGITIM-WEB-SAYFASI-1920x1080px.jpg|https:\/\/akillifikirler.com\/wp-content\/uploads\/2021\/06\/Orzax-Akademi.png\">\n\t\t\t<div class=\"grid-thumbnail\" style=\"background-image:url(https:\/\/akillifikirler.com\/wp-content\/uploads\/2021\/06\/ORZAX-08-AKADEMI-EGITIM-WEB-SAYFASI-1920x1080px-1024x576.jpg);\">\n\t\t\t\t\t\t\t<\/div>\n\t\t\t\t\t\t\t<h4 class=\"grid-title\">Orzax Akademi <\/h4>\n\t\t\t\t\t<\/div>\n\t\t\t<div class=\"grid-item last\" data-title=\"Save The Children\" data-services=\" Online Sempozyum\" data-client=\"Save The Children\" data-date=\"2021\" data-content=\"Save The Children Sivil Toplum Kurulu\u015fu ve \u0130stanbul Teknik \u00dcniversitesi \u0130\u015fbirli\u011fi \u0130le ger\u00e7ekle\u015ftirilen uluslar aras\u0131 kentsel \u00e7ocuk i\u015f\u00e7ili\u011fi sempozyumunu ba\u015far\u0131yla ger\u00e7ekle\u015ftirdik. Bu iki g\u00fcn 18 saatlik sempozyumda: Uluslar aras\u0131 yay\u0131n, Etkinlik portal\u0131, Webinar Sistemi \u0130mplementasyonu, Webinar Sistemi Tasar\u0131m\u0131, Simultane Terc\u00fcme hizmetlerini verdik.27 farkl\u0131 \u00fclkeden kat\u0131l\u0131m g\u00f6sterildi.\" data-type=\"image\" data-images=\"https:\/\/akillifikirler.com\/wp-content\/uploads\/2021\/06\/Urban.png|https:\/\/akillifikirler.com\/wp-content\/uploads\/2021\/06\/urban-2.png\">\n\t\t\t<div class=\"grid-thumbnail\" style=\"background-image:url(https:\/\/akillifikirler.com\/wp-content\/uploads\/2021\/06\/Urban-1024x506.png);\">\n\t\t\t\t\t\t\t<\/div>\n\t\t\t\t\t\t\t<h4 class=\"grid-title\">Save The Children<\/h4>\n\t\t\t\t\t<\/div>\n\t\t\t<div class=\"grid-item\" data-title=\"Recordati \u0130la\u00e7 Canl\u0131 Yay\u0131nlar\u0131\" data-services=\"Portal Y\u00f6netimi\" data-client=\"Recordati\" data-date=\"2021\" data-content=\"Recordati \u0130la\u00e7 Firmas\u0131yla sadece eczac\u0131lara y\u00f6nelik; Alerjik rinit, vajinit ve dispepsi hastal\u0131klar\u0131na \u00f6zel yay\u0131nlar ger\u00e7ekle\u015ftirdik. Soru cevap oturumuyla yay\u0131nlar\u0131 peki\u015ftiridik.\" data-type=\"image\" data-images=\"https:\/\/akillifikirler.com\/wp-content\/uploads\/2021\/06\/Alerjik-rinit-recordati.jpg|https:\/\/akillifikirler.com\/wp-content\/uploads\/2021\/06\/gyno-lomeksin-recordati.jpg|https:\/\/akillifikirler.com\/wp-content\/uploads\/2021\/06\/recordati.jpg|https:\/\/akillifikirler.com\/wp-content\/uploads\/2021\/06\/Doktrolar-Soruyor-Eczacilar-Yanitliyor.jpg\">\n\t\t\t<div class=\"grid-thumbnail\" style=\"background-image:url(https:\/\/akillifikirler.com\/wp-content\/uploads\/2021\/06\/Doktrolar-Soruyor-Eczacilar-Yanitliyor.jpg);\">\n\t\t\t\t\t\t\t<\/div>\n\t\t\t\t\t\t\t<h4 class=\"grid-title\">Recordati \u0130la\u00e7 Canl\u0131 Yay\u0131nlar\u0131<\/h4>\n\t\t\t\t\t<\/div>\n\t\t\t<div class=\"grid-item\" data-title=\"Argivit E\u011ftim G\u00fcnleri\" data-services=\"Webinar\" data-client=\"Argivit\" data-date=\"2020\" data-content=\"Argivit Firmas\u0131yla sadece pediatristlere y\u00f6nelik: Meningogok, Covid19, \u00e7ocuklarda boy k\u0131sal\u0131\u011f\u0131, beslenme ve \u00e7ocukluk \u00e7a\u011f\u0131 tiroid hastal\u0131klar\u0131na \u00f6zel yay\u0131nlar ger\u00e7ekle\u015ftirdik. \u0130nteraktiviteyi T\u00fcrkiyenin heryerindeki doktorlardan soru cevap oturumlar\u0131yla sa\u011flad\u0131k\" data-type=\"image\" data-images=\"https:\/\/akillifikirler.com\/wp-content\/uploads\/2021\/06\/image009-2048x1295-1.png|https:\/\/akillifikirler.com\/wp-content\/uploads\/2021\/06\/image013.png|https:\/\/akillifikirler.com\/wp-content\/uploads\/2021\/06\/image003.png|https:\/\/akillifikirler.com\/wp-content\/uploads\/2021\/06\/image012.png|https:\/\/akillifikirler.com\/wp-content\/uploads\/2021\/06\/image011.png\">\n\t\t\t<div class=\"grid-thumbnail\" style=\"background-image:url(https:\/\/akillifikirler.com\/wp-content\/uploads\/2021\/06\/image012.png);\">\n\t\t\t\t\t\t\t<\/div>\n\t\t\t\t\t\t\t<h4 class=\"grid-title\">Argivit E\u011ftim G\u00fcnleri<\/h4>\n\t\t\t\t\t<\/div>\n\t\t\t<div class=\"grid-item last\" data-title=\"\u00c7am Ve Sakura \u015eehir Hastanesi Sempozyumu\" data-services=\"Online Sempozyum\" data-client=\"Selen Medya\" data-date=\"2021\" data-content=\"Ba\u015fak \u015eehir \u00c7am Ve Sakura \u015eehir Hastanesinin organize etti\u011fi &quot;Rektum Kanserlerinde Son Geli\u015fmeler Sempozyumunu&quot; ba\u015far\u0131yla yapt\u0131k.\" data-type=\"image\" data-images=\"https:\/\/akillifikirler.com\/wp-content\/uploads\/2021\/06\/WhatsApp-Image-2021-06-19-at-12.19.45.jpeg|https:\/\/akillifikirler.com\/wp-content\/uploads\/2021\/06\/WhatsApp-Image-2021-06-19-at-12.54.56.jpeg|https:\/\/akillifikirler.com\/wp-content\/uploads\/2021\/06\/WhatsApp-Image-2021-06-19-at-13.46.04-1.jpeg\">\n\t\t\t<div class=\"grid-thumbnail\" style=\"background-image:url(https:\/\/akillifikirler.com\/wp-content\/uploads\/2021\/06\/WhatsApp-Image-2021-06-18-at-20.44.04-1024x576.jpeg);\">\n\t\t\t\t\t\t\t<\/div>\n\t\t\t\t\t\t\t<h4 class=\"grid-title\">\u00c7am Ve Sakura \u015eehir Hastanesi Sempozyumu<\/h4>\n\t\t\t\t\t<\/div>\n\t\n\t\n   \t<div class=\"tp-load-status\">\n          <div class=\"infinite-scroll-request\">\n\t\t\t\t<div class=\"tp-loader\"><div><\/div><div><\/div><div><\/div><\/div>\n          <\/div>\n    <\/div>\n\n    \n<\/div>\t\t<\/div>\n\t\t\t\t<\/div>\n\t\t\t\t\t\t<\/div>\n\t\t\t\t\t<\/div>\n\t\t<\/div>\n\t\t\t\t\t\t\t\t<\/div>\n\t\t\t\t\t<\/div>\n\t\t<\/section>\n\t\t\t\t\t\t<\/div>\n\t\t\t\t\t\t<\/div>\n\t\t\t\t\t<\/div>","protected":false},"excerpt":{"rendered":"<p>100 Canl\u0131 Yay\u0131n 1000 Kat\u0131l\u0131mc\u0131 100 Saat \u0130zlenme S\u00fcresi Detayl\u0131 bilgi i\u00e7in l\u00fctfen resimlere t\u0131klay\u0131n. Beslenme Akademi Orzax Akademi Save The Children Recordati \u0130la\u00e7 Canl\u0131 Yay\u0131nlar\u0131 Argivit E\u011ftim G\u00fcnleri \u00c7am Ve Sakura \u015eehir Hastanesi Sempozyumu<\/p>","protected":false},"author":1,"featured_media":0,"parent":0,"menu_order":0,"comment_status":"closed","ping_status":"closed","template":"","meta":{"inline_featured_image":false,"footnotes":""},"_links":{"self":[{"href":"https:\/\/akillifikirler.com\/en\/wp-json\/wp\/v2\/pages\/2916"}],"collection":[{"href":"https:\/\/akillifikirler.com\/en\/wp-json\/wp\/v2\/pages"}],"about":[{"href":"https:\/\/akillifikirler.com\/en\/wp-json\/wp\/v2\/types\/page"}],"author":[{"embeddable":true,"href":"https:\/\/akillifikirler.com\/en\/wp-json\/wp\/v2\/users\/1"}],"replies":[{"embeddable":true,"href":"https:\/\/akillifikirler.com\/en\/wp-json\/wp\/v2\/comments?post=2916"}],"version-history":[{"count":6,"href":"https:\/\/akillifikirler.com\/en\/wp-json\/wp\/v2\/pages\/2916\/revisions"}],"predecessor-version":[{"id":5097,"href":"https:\/\/akillifikirler.com\/en\/wp-json\/wp\/v2\/pages\/2916\/revisions\/5097"}],"wp:attachment":[{"href":"https:\/\/akillifikirler.com\/en\/wp-json\/wp\/v2\/media?parent=2916"}],"curies":[{"name":"wp","href":"https:\/\/api.w.org\/{rel}","templated":true}]}}